{"id":68,"date":"2017-01-16T09:28:57","date_gmt":"2017-01-16T09:28:57","guid":{"rendered":"http:\/\/gpa.uva.es\/?page_id=68"},"modified":"2024-01-11T12:40:59","modified_gmt":"2024-01-11T12:40:59","slug":"premios-y-patentes","status":"publish","type":"page","link":"https:\/\/gpa.uva.es\/?page_id=68","title":{"rendered":"Premios y Patentes"},"content":{"rendered":"<h3 class=\"wp-block-heading has-text-align-center\">Premios<\/h3>\n\n\n\n<p class=\"has-text-align-center has-medium-font-size\"><a href=\"http:\/\/gpa.uva.es\/files\/2017\/02\/libroMisionPosible_gpa.pdf\" target=\"_blank\" rel=\"noreferrer noopener\">Misi\u00f3n Imposible: Casos pr\u00e1cticos de colaboraci\u00f3n Universidad Empresa Fundaci\u00f3n Universidades Castilla y Le\u00f3n<\/a><\/p>\n\n\n\n<p class=\"has-text-align-center has-medium-font-size\">Premio Fundaci\u00f3n 3M de innovaci\u00f3n tecnol\u00f3gica: \u00e1rea de seguridad<\/p>\n\n\n\n<div style=\"height:20px\" aria-hidden=\"true\" class=\"wp-block-spacer\"><\/div>\n\n\n\n<h3 class=\"wp-block-heading has-text-align-center\">Patentes<\/h3>\n\n\n<p>[table id=6 \/]<\/p>","protected":false},"excerpt":{"rendered":"<p>Premios Misi\u00f3n Imposible: Casos pr\u00e1cticos de colaboraci\u00f3n Universidad Empresa Fundaci\u00f3n Universidades Castilla y Le\u00f3n Premio Fundaci\u00f3n 3M de innovaci\u00f3n tecnol\u00f3gica: \u00e1rea de seguridad Patentes<\/p>\n","protected":false},"author":419,"featured_media":0,"parent":0,"menu_order":1,"comment_status":"closed","ping_status":"closed","template":"","meta":{"_uag_custom_page_level_css":"","footnotes":""},"class_list":["post-68","page","type-page","status-publish","hentry","post"],"uagb_featured_image_src":{"full":false,"thumbnail":false,"medium":false,"medium_large":false,"large":false,"1536x1536":false,"2048x2048":false,"post-thumbnail":false,"vantage-thumbnail-no-sidebar":false,"vantage-slide":false,"vantage-carousel":false,"vantage-grid-loop":false},"uagb_author_info":{"display_name":"gpa","author_link":"https:\/\/gpa.uva.es\/?author=419"},"uagb_comment_info":0,"uagb_excerpt":"Premios Misi\u00f3n Imposible: Casos pr\u00e1cticos de colaboraci\u00f3n Universidad Empresa Fundaci\u00f3n Universidades Castilla y Le\u00f3n Premio Fundaci\u00f3n 3M de innovaci\u00f3n tecnol\u00f3gica: \u00e1rea de seguridad Patentes","_links":{"self":[{"href":"https:\/\/gpa.uva.es\/index.php?rest_route=\/wp\/v2\/pages\/68","targetHints":{"allow":["GET"]}}],"collection":[{"href":"https:\/\/gpa.uva.es\/index.php?rest_route=\/wp\/v2\/pages"}],"about":[{"href":"https:\/\/gpa.uva.es\/index.php?rest_route=\/wp\/v2\/types\/page"}],"author":[{"embeddable":true,"href":"https:\/\/gpa.uva.es\/index.php?rest_route=\/wp\/v2\/users\/419"}],"replies":[{"embeddable":true,"href":"https:\/\/gpa.uva.es\/index.php?rest_route=%2Fwp%2Fv2%2Fcomments&post=68"}],"version-history":[{"count":0,"href":"https:\/\/gpa.uva.es\/index.php?rest_route=\/wp\/v2\/pages\/68\/revisions"}],"wp:attachment":[{"href":"https:\/\/gpa.uva.es\/index.php?rest_route=%2Fwp%2Fv2%2Fmedia&parent=68"}],"curies":[{"name":"wp","href":"https:\/\/api.w.org\/{rel}","templated":true}]}}