{"id":52,"date":"2017-01-16T09:25:50","date_gmt":"2017-01-16T09:25:50","guid":{"rendered":"http:\/\/gpa.uva.es\/?page_id=52"},"modified":"2024-01-19T13:26:58","modified_gmt":"2024-01-19T13:26:58","slug":"investigacion","status":"publish","type":"page","link":"https:\/\/gpa.uva.es\/?page_id=52","title":{"rendered":"Investigaci\u00f3n"},"content":{"rendered":"<h3 class=\"wp-block-heading has-text-align-center\">Investigaci\u00f3n<\/h3>\r\n\r\n<p>&nbsp;<\/p>\r\n\r\n<div class=\"wp-block-columns is-layout-flex wp-container-core-columns-is-layout-9d6595d7 wp-block-columns-is-layout-flex\">\r\n<div class=\"wp-block-column is-layout-flow wp-block-column-is-layout-flow\"><div class=\"wp-block-image\">\r\n<figure class=\"aligncenter size-thumbnail\"><a href=\"https:\/\/gpa.uva.es\/?page_id=1957\"><img decoding=\"async\" width=\"150\" height=\"150\" class=\"wp-image-1682\" src=\"https:\/\/gpa.uva.es\/files\/2024\/01\/lineas-150x150.png\" alt=\"\" srcset=\"https:\/\/gpa.uva.es\/files\/2024\/01\/lineas-150x150.png 150w, https:\/\/gpa.uva.es\/files\/2024\/01\/lineas-300x300.png 300w, https:\/\/gpa.uva.es\/files\/2024\/01\/lineas-250x250.png 250w, https:\/\/gpa.uva.es\/files\/2024\/01\/lineas.png 612w\" sizes=\"(max-width: 150px) 100vw, 150px\" \/><\/a><\/figure>\r\n<\/div>\r\n\r\n\r\n<h5 class=\"wp-block-heading has-text-align-center\">L\u00edneas de investigaci\u00f3n<\/h5>\r\n<\/div>\r\n\r\n\r\n\r\n<div class=\"wp-block-column is-layout-flow wp-block-column-is-layout-flow\"><div class=\"wp-block-image\">\r\n<figure class=\"aligncenter size-thumbnail\"><a href=\"https:\/\/gpa.uva.es\/?page_id=407\"><img decoding=\"async\" width=\"150\" height=\"150\" class=\"wp-image-1690\" src=\"https:\/\/gpa.uva.es\/files\/2024\/01\/tesis-1-150x150.png\" alt=\"\" srcset=\"https:\/\/gpa.uva.es\/files\/2024\/01\/tesis-1-150x150.png 150w, https:\/\/gpa.uva.es\/files\/2024\/01\/tesis-1-300x300.png 300w, https:\/\/gpa.uva.es\/files\/2024\/01\/tesis-1-250x250.png 250w, https:\/\/gpa.uva.es\/files\/2024\/01\/tesis-1.png 636w\" sizes=\"(max-width: 150px) 100vw, 150px\" \/><\/a><\/figure>\r\n<\/div>\r\n\r\n\r\n<h5 class=\"wp-block-heading has-text-align-center\">Tesis doctorales<\/h5>\r\n<\/div>\r\n\r\n\r\n\r\n<div class=\"wp-block-column is-layout-flow wp-block-column-is-layout-flow\"><div class=\"wp-block-image\">\r\n<figure class=\"aligncenter size-thumbnail\"><a href=\"https:\/\/gpa.uva.es\/?page_id=405\"><img decoding=\"async\" width=\"150\" height=\"150\" class=\"wp-image-1691\" src=\"https:\/\/gpa.uva.es\/files\/2024\/01\/proyectos-1-150x150.png\" alt=\"\" srcset=\"https:\/\/gpa.uva.es\/files\/2024\/01\/proyectos-1-150x150.png 150w, https:\/\/gpa.uva.es\/files\/2024\/01\/proyectos-1-300x300.png 300w, https:\/\/gpa.uva.es\/files\/2024\/01\/proyectos-1-250x250.png 250w, https:\/\/gpa.uva.es\/files\/2024\/01\/proyectos-1.png 628w\" sizes=\"(max-width: 150px) 100vw, 150px\" \/><\/a><\/figure>\r\n<\/div>\r\n\r\n\r\n<h5 class=\"wp-block-heading has-text-align-center\">Proyectos<\/h5>\r\n<\/div>\r\n<\/div>","protected":false},"excerpt":{"rendered":"<p>Investigaci\u00f3n &nbsp; L\u00edneas de investigaci\u00f3n Tesis doctorales Proyectos<\/p>\n","protected":false},"author":419,"featured_media":0,"parent":0,"menu_order":1,"comment_status":"closed","ping_status":"closed","template":"","meta":{"_uag_custom_page_level_css":"","footnotes":""},"class_list":["post-52","page","type-page","status-publish","hentry","post"],"uagb_featured_image_src":{"full":false,"thumbnail":false,"medium":false,"medium_large":false,"large":false,"1536x1536":false,"2048x2048":false,"post-thumbnail":false,"vantage-thumbnail-no-sidebar":false,"vantage-slide":false,"vantage-carousel":false,"vantage-grid-loop":false},"uagb_author_info":{"display_name":"gpa","author_link":"https:\/\/gpa.uva.es\/?author=419"},"uagb_comment_info":0,"uagb_excerpt":"Investigaci\u00f3n &nbsp; L\u00edneas de investigaci\u00f3n Tesis doctorales Proyectos","_links":{"self":[{"href":"https:\/\/gpa.uva.es\/index.php?rest_route=\/wp\/v2\/pages\/52","targetHints":{"allow":["GET"]}}],"collection":[{"href":"https:\/\/gpa.uva.es\/index.php?rest_route=\/wp\/v2\/pages"}],"about":[{"href":"https:\/\/gpa.uva.es\/index.php?rest_route=\/wp\/v2\/types\/page"}],"author":[{"embeddable":true,"href":"https:\/\/gpa.uva.es\/index.php?rest_route=\/wp\/v2\/users\/419"}],"replies":[{"embeddable":true,"href":"https:\/\/gpa.uva.es\/index.php?rest_route=%2Fwp%2Fv2%2Fcomments&post=52"}],"version-history":[{"count":0,"href":"https:\/\/gpa.uva.es\/index.php?rest_route=\/wp\/v2\/pages\/52\/revisions"}],"wp:attachment":[{"href":"https:\/\/gpa.uva.es\/index.php?rest_route=%2Fwp%2Fv2%2Fmedia&parent=52"}],"curies":[{"name":"wp","href":"https:\/\/api.w.org\/{rel}","templated":true}]}}