{"id":413,"date":"2017-01-25T08:25:39","date_gmt":"2017-01-25T08:25:39","guid":{"rendered":"http:\/\/gpa.uva.es\/?page_id=413"},"modified":"2024-01-09T11:45:34","modified_gmt":"2024-01-09T11:45:34","slug":"lineas-de-investigacion","status":"publish","type":"page","link":"https:\/\/gpa.uva.es\/?page_id=413","title":{"rendered":"L\u00edneas (antiguo)"},"content":{"rendered":"<h4 class=\"wp-block-heading has-text-align-left\">L\u00edneas de investigaci\u00f3n<\/h4>\n\n\n<p>\n<table id=\"tablepress-18\" class=\"tablepress tablepress-id-18\">\n<thead>\n<tr class=\"row-1\">\n\t<th class=\"column-1\">Nombre<\/th><th class=\"column-2\">Descripci\u00f3n<\/th><th class=\"column-3\">Investigador Principal<\/th>\n<\/tr>\n<\/thead>\n<tbody class=\"row-striping row-hover\">\n<tr class=\"row-2\">\n\t<td class=\"column-1\">Dise\u00f1o de arrays inteligentes<\/td><td class=\"column-2\">Mediante t\u00e9cnicas basadas de simulaci\u00f3n y junto con algoritmos gen\u00e9ticos se dise\u00f1an geometr\u00edas para arrays de sensores de tipo aleatorio.<\/td><td class=\"column-3\">Lara del Val Puente<\/td>\n<\/tr>\n<tr class=\"row-3\">\n\t<td class=\"column-1\">Dise\u00f1o y construcci\u00f3n de arrays inteligentes con tecnolog\u00eda MEMS<\/td><td class=\"column-2\">Utilizando micr\u00f3fonos\/conversores A\/D con tecnolog\u00eda MEMS, se dise\u00f1an y construyen micr\u00f3fonos inteligentes, implementando el procesado mediante arquitecturas FPGA para tiempo real.<\/td><td class=\"column-3\">Alberto Izquierdo Fuente \/ Juan Jose Villacorta Calvo<\/td>\n<\/tr>\n<tr class=\"row-4\">\n\t<td class=\"column-1\">Sistema Biom\u00e9trico basado en sensores inteligentes ac\u00fasticos<\/td><td class=\"column-2\">Mediante un array de sensores acusticos, se realiza una exploraci\u00f3n de una persona ( de forma an\u00e1loga a las t\u00e9cnicas de ecograf\u00eda\/tac\/resonancia), obteniendo su respuesta ac\u00fastica para un conjunto de frecuencias y posiciones especificas.<br \/>\nCon esta informaci\u00f3n y utilizando t\u00e9cnicas de clasificaci\u00f3n avanzadas, se dise\u00f1an sistemas que permiten identificar a un conjunto extenso de personas y por tanto establecer un sistema biom\u00e9trico de coste reducido y no intrusivo.<\/td><td class=\"column-3\">Alberto Izquierdo Fuente \/ Lara del Val Puente<\/td>\n<\/tr>\n<tr class=\"row-5\">\n\t<td class=\"column-1\">Sistemas de vigilancia y seguimiento mediante sensores inteligentes ac\u00fasticos<\/td><td class=\"column-2\">Mediante un conjunto extenso de sensores del mismo tipo (denominado array) constituidos por micr\u00f3fonos y altavoces que se disponen en un plano con una geometr\u00eda establecida, y utilizando t\u00e9cnicas (denominadas de conformaci\u00f3n de haz) que permiten apuntar el \u201carray\u201d de forma electr\u00f3nica a un punto del espacio, ( sin que la antena tenga que realizar ning\u00fan movimiento alguno) , se explora una espacio de vigilancia, detectando los objetos que est\u00e9n presentes, estimando su posici\u00f3n espacial y finalmente realizando una estimaci\u00f3n de su trayectoria y sus par\u00e1metros cinem\u00e1ticos ( Velocidad, aceleraci\u00f3n, etc).<\/td><td class=\"column-3\">Alberto Izquierdo Fuente \/ Juan Jose Villacorta Calvo<\/td>\n<\/tr>\n<tr class=\"row-6\">\n\t<td class=\"column-1\">Detecci\u00f3n de fallos en matrices de ventiladores<\/td><td class=\"column-2\">Mediante el an\u00e1lisis de las se\u00f1ales ac\u00fasticas, as\u00ed como empleando t\u00e9cnicas de machine learning, como son las SVM, se detectan qu\u00e9 ventiladores de la matriz fallan.<\/td><td class=\"column-3\">Lara del Val Puente<\/td>\n<\/tr>\n<tr class=\"row-7\">\n\t<td class=\"column-1\">Dise\u00f1o de sistemas SHM basados en aceler\u00f3metros MEMS<\/td><td class=\"column-2\">Dise\u00f1o de sistemas de monitorizaci\u00f3n de estructuras, para el an\u00e1lisis y detecci\u00f3n de fallos en  estructuras de madera.<\/td><td class=\"column-3\">Juan Jos\u00e9 Villacorta Calvo \/ Alberto Izquierdo Fuente<\/td>\n<\/tr>\n<\/tbody>\n<\/table>\n<!-- #tablepress-18 from cache --><\/p>","protected":false},"excerpt":{"rendered":"<p>L\u00edneas de investigaci\u00f3n<\/p>\n","protected":false},"author":419,"featured_media":0,"parent":52,"menu_order":2,"comment_status":"closed","ping_status":"closed","template":"","meta":{"_uag_custom_page_level_css":"","footnotes":""},"class_list":["post-413","page","type-page","status-publish","hentry","post"],"uagb_featured_image_src":{"full":false,"thumbnail":false,"medium":false,"medium_large":false,"large":false,"1536x1536":false,"2048x2048":false,"post-thumbnail":false,"vantage-thumbnail-no-sidebar":false,"vantage-slide":false,"vantage-carousel":false,"vantage-grid-loop":false},"uagb_author_info":{"display_name":"gpa","author_link":"https:\/\/gpa.uva.es\/?author=419"},"uagb_comment_info":0,"uagb_excerpt":"L\u00edneas de investigaci\u00f3n","_links":{"self":[{"href":"https:\/\/gpa.uva.es\/index.php?rest_route=\/wp\/v2\/pages\/413","targetHints":{"allow":["GET"]}}],"collection":[{"href":"https:\/\/gpa.uva.es\/index.php?rest_route=\/wp\/v2\/pages"}],"about":[{"href":"https:\/\/gpa.uva.es\/index.php?rest_route=\/wp\/v2\/types\/page"}],"author":[{"embeddable":true,"href":"https:\/\/gpa.uva.es\/index.php?rest_route=\/wp\/v2\/users\/419"}],"replies":[{"embeddable":true,"href":"https:\/\/gpa.uva.es\/index.php?rest_route=%2Fwp%2Fv2%2Fcomments&post=413"}],"version-history":[{"count":0,"href":"https:\/\/gpa.uva.es\/index.php?rest_route=\/wp\/v2\/pages\/413\/revisions"}],"up":[{"embeddable":true,"href":"https:\/\/gpa.uva.es\/index.php?rest_route=\/wp\/v2\/pages\/52"}],"wp:attachment":[{"href":"https:\/\/gpa.uva.es\/index.php?rest_route=%2Fwp%2Fv2%2Fmedia&parent=413"}],"curies":[{"name":"wp","href":"https:\/\/api.w.org\/{rel}","templated":true}]}}