{"id":2628,"date":"2024-01-11T13:37:52","date_gmt":"2024-01-11T13:37:52","guid":{"rendered":"https:\/\/gpa.uva.es\/?page_id=2628"},"modified":"2024-01-13T19:41:29","modified_gmt":"2024-01-13T19:41:29","slug":"sistema-de-analisis-modal","status":"publish","type":"page","link":"https:\/\/gpa.uva.es\/?page_id=2628","title":{"rendered":"Sistema de an\u00e1lisis modal"},"content":{"rendered":"<div style=\"height:20px\" aria-hidden=\"true\" class=\"wp-block-spacer\"><\/div>\n\n\n\n<h3 class=\"wp-block-heading has-text-align-center\">Sistema de an\u00e1lisis modal<\/h3>\n\n\n\n<p class=\"has-text-align-center\">Se dispone de un sistema aut\u00f3nomo con capacidad para monitorizar en tiempo real hasta 10 canales con aceler\u00f3metros MEMS triaxiales con frecuencias de muestreo hasta 4 kSps. Se dispone de aplicaciones para el an\u00e1lisis modal y aplicaciones de monitorizaci\u00f3n y registro de datos y estad\u00edsticos de aceleraci\u00f3n en tiempo real.<\/p>\n\n\n\n<div style=\"height:20px\" aria-hidden=\"true\" class=\"wp-block-spacer\"><\/div>\n\n\n\n<div class=\"wp-block-group is-content-justification-center is-nowrap is-layout-flex wp-container-core-group-is-layout-94bc23d7 wp-block-group-is-layout-flex\">\n<figure class=\"wp-block-image size-full is-resized\"><img fetchpriority=\"high\" decoding=\"async\" width=\"352\" height=\"436\" src=\"https:\/\/gpa.uva.es\/files\/2024\/01\/img78.jpg\" alt=\"\" class=\"wp-image-2597\" style=\"width:auto;height:436px\" srcset=\"https:\/\/gpa.uva.es\/files\/2024\/01\/img78.jpg 352w, https:\/\/gpa.uva.es\/files\/2024\/01\/img78-242x300.jpg 242w\" sizes=\"(max-width: 352px) 100vw, 352px\" \/><\/figure>\n\n\n\n<figure class=\"wp-block-image size-full is-resized\"><img decoding=\"async\" width=\"274\" height=\"453\" src=\"https:\/\/gpa.uva.es\/files\/2024\/01\/img80.jpg\" alt=\"\" class=\"wp-image-2598\" style=\"width:auto;height:436px\" srcset=\"https:\/\/gpa.uva.es\/files\/2024\/01\/img80.jpg 274w, https:\/\/gpa.uva.es\/files\/2024\/01\/img80-181x300.jpg 181w\" sizes=\"(max-width: 274px) 100vw, 274px\" \/><\/figure>\n\n\n\n<figure class=\"wp-block-image size-full is-resized\"><img decoding=\"async\" width=\"192\" height=\"192\" src=\"https:\/\/gpa.uva.es\/files\/2024\/01\/img76-edited.jpg\" alt=\"\" class=\"wp-image-2599\" style=\"width:auto;height:436px\" srcset=\"https:\/\/gpa.uva.es\/files\/2024\/01\/img76-edited.jpg 192w, https:\/\/gpa.uva.es\/files\/2024\/01\/img76-edited-150x150.jpg 150w\" sizes=\"(max-width: 192px) 100vw, 192px\" \/><\/figure>\n<\/div>","protected":false},"excerpt":{"rendered":"<p>Sistema de an\u00e1lisis modal Se dispone de un sistema aut\u00f3nomo con capacidad para monitorizar en tiempo real hasta 10 canales con aceler\u00f3metros MEMS triaxiales con frecuencias de muestreo hasta 4 kSps. Se dispone de aplicaciones para el an\u00e1lisis modal y aplicaciones de monitorizaci\u00f3n y registro de datos y estad\u00edsticos de aceleraci\u00f3n en tiempo real.<\/p>\n","protected":false},"author":724,"featured_media":0,"parent":2227,"menu_order":0,"comment_status":"closed","ping_status":"closed","template":"","meta":{"_uag_custom_page_level_css":"","footnotes":""},"class_list":["post-2628","page","type-page","status-publish","hentry","post"],"uagb_featured_image_src":{"full":false,"thumbnail":false,"medium":false,"medium_large":false,"large":false,"1536x1536":false,"2048x2048":false,"post-thumbnail":false,"vantage-thumbnail-no-sidebar":false,"vantage-slide":false,"vantage-carousel":false,"vantage-grid-loop":false},"uagb_author_info":{"display_name":"javierretortillo","author_link":"https:\/\/gpa.uva.es\/?author=724"},"uagb_comment_info":0,"uagb_excerpt":"Sistema de an\u00e1lisis modal Se dispone de un sistema aut\u00f3nomo con capacidad para monitorizar en tiempo real hasta 10 canales con aceler\u00f3metros MEMS triaxiales con frecuencias de muestreo hasta 4 kSps. Se dispone de aplicaciones para el an\u00e1lisis modal y aplicaciones de monitorizaci\u00f3n y registro de datos y estad\u00edsticos de aceleraci\u00f3n en tiempo real.","_links":{"self":[{"href":"https:\/\/gpa.uva.es\/index.php?rest_route=\/wp\/v2\/pages\/2628","targetHints":{"allow":["GET"]}}],"collection":[{"href":"https:\/\/gpa.uva.es\/index.php?rest_route=\/wp\/v2\/pages"}],"about":[{"href":"https:\/\/gpa.uva.es\/index.php?rest_route=\/wp\/v2\/types\/page"}],"author":[{"embeddable":true,"href":"https:\/\/gpa.uva.es\/index.php?rest_route=\/wp\/v2\/users\/724"}],"replies":[{"embeddable":true,"href":"https:\/\/gpa.uva.es\/index.php?rest_route=%2Fwp%2Fv2%2Fcomments&post=2628"}],"version-history":[{"count":0,"href":"https:\/\/gpa.uva.es\/index.php?rest_route=\/wp\/v2\/pages\/2628\/revisions"}],"up":[{"embeddable":true,"href":"https:\/\/gpa.uva.es\/index.php?rest_route=\/wp\/v2\/pages\/2227"}],"wp:attachment":[{"href":"https:\/\/gpa.uva.es\/index.php?rest_route=%2Fwp%2Fv2%2Fmedia&parent=2628"}],"curies":[{"name":"wp","href":"https:\/\/api.w.org\/{rel}","templated":true}]}}