{"id":2616,"date":"2024-01-11T13:29:05","date_gmt":"2024-01-11T13:29:05","guid":{"rendered":"https:\/\/gpa.uva.es\/?page_id=2616"},"modified":"2024-01-13T19:40:08","modified_gmt":"2024-01-13T19:40:08","slug":"camara-anecoica","status":"publish","type":"page","link":"https:\/\/gpa.uva.es\/?page_id=2616","title":{"rendered":"C\u00e1mara anecoica"},"content":{"rendered":"<div style=\"height:20px\" aria-hidden=\"true\" class=\"wp-block-spacer\"><\/div>\n\n\n\n<h3 class=\"wp-block-heading has-text-align-center\">C\u00e1mara anecoica<\/h3>\n\n\n\n<p class=\"has-text-align-center\">C\u00e1mara anecoica de dimensiones 5x3x2.5 con frecuencia de corte de 500 Hz. En este c\u00e1mara pueden evaluarse diagramas de radiaci\u00f3n de micr\u00f3fonos y altavoces, emular las condiciones de propagaci\u00f3n en espacio abierto, grabaci\u00f3n, etc. Se dispone de sistemas de amplificaci\u00f3n y grabaci\u00f3n multicanal, as\u00ed como de un conjunto de monitores de estudio y micr\u00f3fonos.<\/p>\n\n\n\n<div style=\"height:20px\" aria-hidden=\"true\" class=\"wp-block-spacer\"><\/div>\n\n\n\n<figure class=\"wp-block-image size-full\"><img fetchpriority=\"high\" decoding=\"async\" width=\"1298\" height=\"587\" src=\"https:\/\/gpa.uva.es\/files\/2024\/01\/img18.jpg\" alt=\"\" class=\"wp-image-2591\" srcset=\"https:\/\/gpa.uva.es\/files\/2024\/01\/img18.jpg 1298w, https:\/\/gpa.uva.es\/files\/2024\/01\/img18-300x136.jpg 300w, https:\/\/gpa.uva.es\/files\/2024\/01\/img18-1024x463.jpg 1024w, https:\/\/gpa.uva.es\/files\/2024\/01\/img18-768x347.jpg 768w\" sizes=\"(max-width: 1298px) 100vw, 1298px\" \/><\/figure>\n\n\n\n<div style=\"height:20px\" aria-hidden=\"true\" class=\"wp-block-spacer\"><\/div>\n\n\n\n<div class=\"wp-block-group is-content-justification-center is-nowrap is-layout-flex wp-container-core-group-is-layout-94bc23d7 wp-block-group-is-layout-flex\">\n<figure class=\"wp-block-image size-full is-resized\"><img decoding=\"async\" width=\"1152\" height=\"1152\" src=\"https:\/\/gpa.uva.es\/files\/2024\/01\/fractaclEnCamaraAnecoica-edited-1.jpg\" alt=\"\" class=\"wp-image-2257\" style=\"width:auto;height:709px\" srcset=\"https:\/\/gpa.uva.es\/files\/2024\/01\/fractaclEnCamaraAnecoica-edited-1.jpg 1152w, https:\/\/gpa.uva.es\/files\/2024\/01\/fractaclEnCamaraAnecoica-edited-1-300x300.jpg 300w, https:\/\/gpa.uva.es\/files\/2024\/01\/fractaclEnCamaraAnecoica-edited-1-1024x1024.jpg 1024w, https:\/\/gpa.uva.es\/files\/2024\/01\/fractaclEnCamaraAnecoica-edited-1-150x150.jpg 150w, https:\/\/gpa.uva.es\/files\/2024\/01\/fractaclEnCamaraAnecoica-edited-1-768x768.jpg 768w\" sizes=\"(max-width: 1152px) 100vw, 1152px\" \/><\/figure>\n\n\n\n<figure class=\"wp-block-image size-full is-resized\"><img decoding=\"async\" width=\"477\" height=\"709\" src=\"https:\/\/gpa.uva.es\/files\/2024\/01\/img19.jpg\" alt=\"\" class=\"wp-image-2592\" style=\"width:auto;height:709px\" srcset=\"https:\/\/gpa.uva.es\/files\/2024\/01\/img19.jpg 477w, https:\/\/gpa.uva.es\/files\/2024\/01\/img19-202x300.jpg 202w\" sizes=\"(max-width: 477px) 100vw, 477px\" \/><\/figure>\n<\/div>","protected":false},"excerpt":{"rendered":"<p>C\u00e1mara anecoica C\u00e1mara anecoica de dimensiones 5x3x2.5 con frecuencia de corte de 500 Hz. En este c\u00e1mara pueden evaluarse diagramas de radiaci\u00f3n de micr\u00f3fonos y altavoces, emular las condiciones de propagaci\u00f3n en espacio abierto, grabaci\u00f3n, etc. Se dispone de sistemas de amplificaci\u00f3n y grabaci\u00f3n multicanal, as\u00ed como de un conjunto de monitores de estudio y [&hellip;]<\/p>\n","protected":false},"author":724,"featured_media":0,"parent":2227,"menu_order":0,"comment_status":"closed","ping_status":"closed","template":"","meta":{"_uag_custom_page_level_css":"","footnotes":""},"class_list":["post-2616","page","type-page","status-publish","hentry","post"],"uagb_featured_image_src":{"full":false,"thumbnail":false,"medium":false,"medium_large":false,"large":false,"1536x1536":false,"2048x2048":false,"post-thumbnail":false,"vantage-thumbnail-no-sidebar":false,"vantage-slide":false,"vantage-carousel":false,"vantage-grid-loop":false},"uagb_author_info":{"display_name":"javierretortillo","author_link":"https:\/\/gpa.uva.es\/?author=724"},"uagb_comment_info":0,"uagb_excerpt":"C\u00e1mara anecoica C\u00e1mara anecoica de dimensiones 5x3x2.5 con frecuencia de corte de 500 Hz. En este c\u00e1mara pueden evaluarse diagramas de radiaci\u00f3n de micr\u00f3fonos y altavoces, emular las condiciones de propagaci\u00f3n en espacio abierto, grabaci\u00f3n, etc. Se dispone de sistemas de amplificaci\u00f3n y grabaci\u00f3n multicanal, as\u00ed como de un conjunto de monitores de estudio y&hellip;","_links":{"self":[{"href":"https:\/\/gpa.uva.es\/index.php?rest_route=\/wp\/v2\/pages\/2616","targetHints":{"allow":["GET"]}}],"collection":[{"href":"https:\/\/gpa.uva.es\/index.php?rest_route=\/wp\/v2\/pages"}],"about":[{"href":"https:\/\/gpa.uva.es\/index.php?rest_route=\/wp\/v2\/types\/page"}],"author":[{"embeddable":true,"href":"https:\/\/gpa.uva.es\/index.php?rest_route=\/wp\/v2\/users\/724"}],"replies":[{"embeddable":true,"href":"https:\/\/gpa.uva.es\/index.php?rest_route=%2Fwp%2Fv2%2Fcomments&post=2616"}],"version-history":[{"count":0,"href":"https:\/\/gpa.uva.es\/index.php?rest_route=\/wp\/v2\/pages\/2616\/revisions"}],"up":[{"embeddable":true,"href":"https:\/\/gpa.uva.es\/index.php?rest_route=\/wp\/v2\/pages\/2227"}],"wp:attachment":[{"href":"https:\/\/gpa.uva.es\/index.php?rest_route=%2Fwp%2Fv2%2Fmedia&parent=2616"}],"curies":[{"name":"wp","href":"https:\/\/api.w.org\/{rel}","templated":true}]}}