{"id":2227,"date":"2024-01-10T08:39:48","date_gmt":"2024-01-10T08:39:48","guid":{"rendered":"https:\/\/gpa.uva.es\/?page_id=2227"},"modified":"2024-01-13T19:42:54","modified_gmt":"2024-01-13T19:42:54","slug":"recursos","status":"publish","type":"page","link":"https:\/\/gpa.uva.es\/?page_id=2227","title":{"rendered":"Recursos"},"content":{"rendered":"<div style=\"height:20px\" aria-hidden=\"true\" class=\"wp-block-spacer\"><\/div>\n\n\n\n<h3 class=\"wp-block-heading has-text-align-center\">Recursos y servicios<\/h3>\n\n\n\n<div style=\"height:20px\" aria-hidden=\"true\" class=\"wp-block-spacer\"><\/div>\n\n\n\n<div class=\"wp-block-columns is-layout-flex wp-container-core-columns-is-layout-9d6595d7 wp-block-columns-is-layout-flex\">\n<div class=\"wp-block-column is-vertically-aligned-center is-layout-flow wp-block-column-is-layout-flow\" style=\"flex-basis:30%\">\n<figure class=\"wp-block-image size-full is-resized is-style-rounded\"><img fetchpriority=\"high\" decoding=\"async\" width=\"1152\" height=\"1152\" src=\"https:\/\/gpa.uva.es\/files\/2024\/01\/fractaclEnCamaraAnecoica-edited-1.jpg\" alt=\"\" class=\"wp-image-2257\" style=\"object-fit:cover;width:300px;height:auto\" srcset=\"https:\/\/gpa.uva.es\/files\/2024\/01\/fractaclEnCamaraAnecoica-edited-1.jpg 1152w, https:\/\/gpa.uva.es\/files\/2024\/01\/fractaclEnCamaraAnecoica-edited-1-300x300.jpg 300w, https:\/\/gpa.uva.es\/files\/2024\/01\/fractaclEnCamaraAnecoica-edited-1-1024x1024.jpg 1024w, https:\/\/gpa.uva.es\/files\/2024\/01\/fractaclEnCamaraAnecoica-edited-1-150x150.jpg 150w, https:\/\/gpa.uva.es\/files\/2024\/01\/fractaclEnCamaraAnecoica-edited-1-768x768.jpg 768w\" sizes=\"(max-width: 1152px) 100vw, 1152px\" \/><\/figure>\n<\/div>\n\n\n\n<div class=\"wp-block-column is-vertically-aligned-center is-layout-flow wp-block-column-is-layout-flow\" style=\"flex-basis:10%\"><\/div>\n\n\n\n<div class=\"wp-block-column is-vertically-aligned-center is-layout-flow wp-block-column-is-layout-flow\" style=\"flex-basis:60%\">\n<div class=\"wp-block-buttons is-horizontal is-content-justification-left is-layout-flex wp-container-core-buttons-is-layout-5ddde96a wp-block-buttons-is-layout-flex\">\n<div class=\"wp-block-button has-custom-width wp-block-button__width-50\"><a class=\"wp-block-button__link has-text-color has-background has-link-color has-text-align-center wp-element-button\" href=\"https:\/\/gpa.uva.es\/?page_id=2616\" style=\"color:#e2e2e2;background-color:#404040\">C\u00e1mara anecoica<\/a><\/div>\n<\/div>\n\n\n\n<div style=\"height:20px\" aria-hidden=\"true\" class=\"wp-block-spacer\"><\/div>\n\n\n\n<p>C\u00e1mara anecoica de dimensiones 5x3x2.5 con frecuencia de corte de 500 Hz. En este c\u00e1mara pueden evaluarse diagramas de radiaci\u00f3n de micr\u00f3fonos y altavoces, emular las condiciones de propagaci\u00f3n en espacio abierto, grabaci\u00f3n, etc. Se dispone de sistemas de amplificaci\u00f3n y grabaci\u00f3n multicanal, as\u00ed como de un conjunto de monitores de estudio y micr\u00f3fonos.<\/p>\n<\/div>\n<\/div>\n\n\n\n<div style=\"height:40px\" aria-hidden=\"true\" class=\"wp-block-spacer\"><\/div>\n\n\n\n<div class=\"wp-block-columns are-vertically-aligned-center is-layout-flex wp-container-core-columns-is-layout-9d6595d7 wp-block-columns-is-layout-flex\">\n<div class=\"wp-block-column is-vertically-aligned-center is-layout-flow wp-block-column-is-layout-flow\" style=\"flex-basis:30%\"><div class=\"wp-block-image is-style-rounded\">\n<figure class=\"aligncenter size-full is-resized\"><img decoding=\"async\" width=\"499\" height=\"510\" src=\"https:\/\/gpa.uva.es\/files\/2024\/01\/img36.jpg\" alt=\"\" class=\"wp-image-2593\" style=\"aspect-ratio:1;object-fit:cover;width:300px\" srcset=\"https:\/\/gpa.uva.es\/files\/2024\/01\/img36.jpg 499w, https:\/\/gpa.uva.es\/files\/2024\/01\/img36-294x300.jpg 294w\" sizes=\"(max-width: 499px) 100vw, 499px\" \/><\/figure>\n<\/div><\/div>\n\n\n\n<div class=\"wp-block-column is-vertically-aligned-center is-layout-flow wp-block-column-is-layout-flow\" style=\"flex-basis:10%\"><\/div>\n\n\n\n<div class=\"wp-block-column is-vertically-aligned-center is-layout-flow wp-block-column-is-layout-flow\" style=\"flex-basis:60%\">\n<div class=\"wp-block-buttons is-horizontal is-content-justification-left is-layout-flex wp-container-core-buttons-is-layout-5ddde96a wp-block-buttons-is-layout-flex\">\n<div class=\"wp-block-button has-custom-width wp-block-button__width-50\"><a class=\"wp-block-button__link has-text-color has-background has-link-color wp-element-button\" href=\"https:\/\/gpa.uva.es\/?page_id=2622\" style=\"color:#e2e2e2;background-color:#404040\">C\u00e1maras ac\u00fasticas<\/a><\/div>\n<\/div>\n\n\n\n<div style=\"height:20px\" aria-hidden=\"true\" class=\"wp-block-spacer\"><\/div>\n\n\n\n<p>Se disponen de un conjunto de c\u00e1maras ac\u00fasticas desde 64 sensores a 1024 sensores, con geometr\u00edas reconfigurables. Est\u00e1n basadas en micr\u00f3fonos MEMS con frecuencias de muestreo hasta 100 kSps. Se disponen de una aplicacion de captura, visualizaci\u00f3n y procesado en el dominio temporal, frecuencial y espacial. Tambien se dispone de una librer\u00eda Labview para desarrollar aplicaciones.<\/p>\n<\/div>\n<\/div>\n\n\n\n<div style=\"height:40px\" aria-hidden=\"true\" class=\"wp-block-spacer\"><\/div>\n\n\n\n<div class=\"wp-block-columns is-layout-flex wp-container-core-columns-is-layout-9d6595d7 wp-block-columns-is-layout-flex\">\n<div class=\"wp-block-column is-vertically-aligned-center is-layout-flow wp-block-column-is-layout-flow\" style=\"flex-basis:30%\"><div class=\"wp-block-image is-style-rounded\">\n<figure class=\"aligncenter size-full is-resized\"><img decoding=\"async\" width=\"192\" height=\"192\" src=\"https:\/\/gpa.uva.es\/files\/2024\/01\/img76-edited.jpg\" alt=\"\" class=\"wp-image-2599\" style=\"aspect-ratio:1;object-fit:cover;width:300px\" srcset=\"https:\/\/gpa.uva.es\/files\/2024\/01\/img76-edited.jpg 192w, https:\/\/gpa.uva.es\/files\/2024\/01\/img76-edited-150x150.jpg 150w\" sizes=\"(max-width: 192px) 100vw, 192px\" \/><\/figure>\n<\/div><\/div>\n\n\n\n<div class=\"wp-block-column is-vertically-aligned-center is-layout-flow wp-block-column-is-layout-flow\" style=\"flex-basis:10%\"><\/div>\n\n\n\n<div class=\"wp-block-column is-vertically-aligned-center is-layout-flow wp-block-column-is-layout-flow\" style=\"flex-basis:60%\">\n<div class=\"wp-block-buttons is-horizontal is-content-justification-left is-layout-flex wp-container-core-buttons-is-layout-5ddde96a wp-block-buttons-is-layout-flex\">\n<div class=\"wp-block-button has-custom-width wp-block-button__width-50\"><a class=\"wp-block-button__link has-text-color has-background has-link-color wp-element-button\" href=\"https:\/\/gpa.uva.es\/?page_id=2628\" style=\"color:#e2e2e2;background-color:#404040\">Sistema de an\u00e1lisis modal<\/a><\/div>\n<\/div>\n\n\n\n<div style=\"height:20px\" aria-hidden=\"true\" class=\"wp-block-spacer\"><\/div>\n\n\n\n<p>Se dispone de un sistema aut\u00f3nomo con capacidad para monitorizar en tiempo real hasta 10 canales con aceler\u00f3metros MEMS triaxiales con frecuencias de muestreo hasta 4 kSps. Se dispone de aplicaciones para el an\u00e1lisis modal y aplicaciones de monitorizaci\u00f3n y registro de datos y estad\u00edsticos de aceleraci\u00f3n en tiempo real.<\/p>\n<\/div>\n<\/div>\n\n\n\n<div style=\"height:20px\" aria-hidden=\"true\" class=\"wp-block-spacer\"><\/div>","protected":false},"excerpt":{"rendered":"<p>Recursos y servicios C\u00e1mara anecoica de dimensiones 5x3x2.5 con frecuencia de corte de 500 Hz. En este c\u00e1mara pueden evaluarse diagramas de radiaci\u00f3n de micr\u00f3fonos y altavoces, emular las condiciones de propagaci\u00f3n en espacio abierto, grabaci\u00f3n, etc. Se dispone de sistemas de amplificaci\u00f3n y grabaci\u00f3n multicanal, as\u00ed como de un conjunto de monitores de estudio [&hellip;]<\/p>\n","protected":false},"author":724,"featured_media":0,"parent":0,"menu_order":1,"comment_status":"closed","ping_status":"closed","template":"","meta":{"_uag_custom_page_level_css":"","footnotes":""},"class_list":["post-2227","page","type-page","status-publish","hentry","post"],"uagb_featured_image_src":{"full":false,"thumbnail":false,"medium":false,"medium_large":false,"large":false,"1536x1536":false,"2048x2048":false,"post-thumbnail":false,"vantage-thumbnail-no-sidebar":false,"vantage-slide":false,"vantage-carousel":false,"vantage-grid-loop":false},"uagb_author_info":{"display_name":"javierretortillo","author_link":"https:\/\/gpa.uva.es\/?author=724"},"uagb_comment_info":0,"uagb_excerpt":"Recursos y servicios C\u00e1mara anecoica de dimensiones 5x3x2.5 con frecuencia de corte de 500 Hz. En este c\u00e1mara pueden evaluarse diagramas de radiaci\u00f3n de micr\u00f3fonos y altavoces, emular las condiciones de propagaci\u00f3n en espacio abierto, grabaci\u00f3n, etc. Se dispone de sistemas de amplificaci\u00f3n y grabaci\u00f3n multicanal, as\u00ed como de un conjunto de monitores de estudio&hellip;","_links":{"self":[{"href":"https:\/\/gpa.uva.es\/index.php?rest_route=\/wp\/v2\/pages\/2227","targetHints":{"allow":["GET"]}}],"collection":[{"href":"https:\/\/gpa.uva.es\/index.php?rest_route=\/wp\/v2\/pages"}],"about":[{"href":"https:\/\/gpa.uva.es\/index.php?rest_route=\/wp\/v2\/types\/page"}],"author":[{"embeddable":true,"href":"https:\/\/gpa.uva.es\/index.php?rest_route=\/wp\/v2\/users\/724"}],"replies":[{"embeddable":true,"href":"https:\/\/gpa.uva.es\/index.php?rest_route=%2Fwp%2Fv2%2Fcomments&post=2227"}],"version-history":[{"count":0,"href":"https:\/\/gpa.uva.es\/index.php?rest_route=\/wp\/v2\/pages\/2227\/revisions"}],"wp:attachment":[{"href":"https:\/\/gpa.uva.es\/index.php?rest_route=%2Fwp%2Fv2%2Fmedia&parent=2227"}],"curies":[{"name":"wp","href":"https:\/\/api.w.org\/{rel}","templated":true}]}}