{"id":2088,"date":"2024-01-09T07:52:54","date_gmt":"2024-01-09T07:52:54","guid":{"rendered":"https:\/\/gpa.uva.es\/?page_id=2088"},"modified":"2024-01-13T20:25:41","modified_gmt":"2024-01-13T20:25:41","slug":"linea-9","status":"publish","type":"page","link":"https:\/\/gpa.uva.es\/?page_id=2088","title":{"rendered":"9 | Miscel\u00e1nea"},"content":{"rendered":"<div style=\"height:20px\" aria-hidden=\"true\" class=\"wp-block-spacer\"><\/div>\n\n\n\n<h3 class=\"wp-block-heading has-text-align-center\">Miscel\u00e1nea<\/h3>\n\n\n\n<p>Adem\u00e1s de las l\u00edneas de investigaci\u00f3n previamente indicadas en los otros apartados, el grupo de investigaci\u00f3n tambi\u00e9n ha trabajado en el \u00e1mbito del radar multifunci\u00f3n, desarrollado una plataforma software para la evaluaci\u00f3n de planificadores de tareas a partir de un conjunto de caracter\u00edsticas del radar, con el objetivo de medir el rendimiento del sistema a partir de la temporizaci\u00f3n y la ejecuci\u00f3n de las tareas. Otra l\u00ednea en la que el grupo trabaja es en el desarrollo de actividades de gamificaci\u00f3n, basadas generalmente en Escape Rooms, con el objetivo de fomentar la motivaci\u00f3n de los alumnos de asignaturas universitarias, as\u00ed como en la concienciaci\u00f3n y sensibilizaci\u00f3n sobre los problemas que puede ocasionar la exposici\u00f3n al ruido.<\/p>\n\n\n\n<div style=\"height:20px\" aria-hidden=\"true\" class=\"wp-block-spacer\"><\/div>\n\n\n\n<figure class=\"wp-block-image alignwide size-full\"><img fetchpriority=\"high\" decoding=\"async\" width=\"662\" height=\"319\" src=\"https:\/\/gpa.uva.es\/files\/2024\/01\/img190.jpg\" alt=\"\" class=\"wp-image-2680\" srcset=\"https:\/\/gpa.uva.es\/files\/2024\/01\/img190.jpg 662w, https:\/\/gpa.uva.es\/files\/2024\/01\/img190-300x145.jpg 300w\" sizes=\"(max-width: 662px) 100vw, 662px\" \/><\/figure>\n\n\n\n<div style=\"height:20px\" aria-hidden=\"true\" class=\"wp-block-spacer\"><\/div>\n\n\n\n<h4 class=\"wp-block-heading has-text-align-center\">Publicaciones relacionadas<\/h4>\n\n\n<p>\n<table id=\"tablepress-50\" class=\"tablepress tablepress-id-50\">\n<thead>\n<tr class=\"row-1\">\n\t<th class=\"column-1\">T\u00edtulo<\/th><th class=\"column-2\">Autores<\/th><th class=\"column-3\">A\u00f1o<\/th><th class=\"column-4\">ISSN<\/th><th class=\"column-5\">Revista<\/th><th class=\"column-6\">Descargar<\/th>\n<\/tr>\n<\/thead>\n<tbody class=\"row-striping row-hover\">\n<tr class=\"row-2\">\n\t<td class=\"column-1\"><a href=\"https:\/\/digital-library.theiet.org\/content\/journals\/10.1049\/iet-rsn.2011.0309\" target=\"_blank\" rel=\"noopener noreferrer\">Design of task scheduling process for a multifunction radar. <\/a><\/td><td class=\"column-2\">Maria Isabel Jim\u00e9nez; Lara Del Val; Alberto Izquierdo; Juan Jose Villacorta; Mariano Raboso. <\/td><td class=\"column-3\">2012<\/td><td class=\"column-4\"><\/td><td class=\"column-5\">IET Radar, Sonar &amp; Navigation. 6 - 5, pp. 341 - 347. IET, 01\/06\/2012.<\/td><td class=\"column-6\"><a class=\"logDesc\" href=\"http:\/\/gpa.uva.es\/files\/2017\/01\/Design-of-task-scheduling-process-for-a-multifunction-radar.pdf\" target=\"_blank\" rel=\"noopener\"><div align=\"center\"><img decoding=\"async\" src=\"https:\/\/gpa.uva.es\/files\/2024\/01\/PDF_file_icon.svg_.png\" alt=\"Descargar\" width=\"50px\" height=\"60px\" \/><\/div><\/a><br \/>\n<\/td>\n<\/tr>\n<\/tbody>\n<\/table>\n<!-- #tablepress-50 from cache --><br \/>\n\n<table id=\"tablepress-51\" class=\"tablepress tablepress-id-51\">\n<thead>\n<tr class=\"row-1\">\n\t<th class=\"column-1\">T\u00edtulo<\/th><th class=\"column-2\">Autores<\/th><th class=\"column-3\">A\u00f1o<\/th><th class=\"column-4\">Congreso<\/th><th class=\"column-5\">Descargar<\/th>\n<\/tr>\n<\/thead>\n<tbody class=\"row-striping row-hover\">\n<tr class=\"row-2\">\n\t<td class=\"column-1\">Divi\u00e9rtete y Aprende a Escapar del Ruido<\/td><td class=\"column-2\">Lena Benito-Sendin Plaar, Lara del Val Puente, Ana Isabel Tarrero Fern\u00e1ndez<\/td><td class=\"column-3\">2023<\/td><td class=\"column-4\">Tecniac\u00fastica 2023<\/td><td class=\"column-5\"><a class=\"logDesc\" href=\"https:\/\/gpa.uva.es\/files\/2023\/11\/tecniacustica_vFinal.pdf\" target=\"_blank\" rel=\"noopener\"><div align=\"center\"><img decoding=\"async\" src=\"https:\/\/gpa.uva.es\/files\/2024\/01\/PDF_file_icon.svg_.png\" alt=\"Descargar\" width=\"50px\" height=\"60px\" \/><\/div><\/a><\/td>\n<\/tr>\n<\/tbody>\n<\/table>\n<!-- #tablepress-51 from cache --><\/p>\n\n\n\n<div style=\"height:20px\" aria-hidden=\"true\" class=\"wp-block-spacer\"><\/div>\n\n\n\n<div class=\"wp-block-columns is-layout-flex wp-container-core-columns-is-layout-9d6595d7 wp-block-columns-is-layout-flex\">\n<div class=\"wp-block-column is-layout-flow wp-block-column-is-layout-flow\"><\/div>\n\n\n\n<div class=\"wp-block-column is-layout-flow wp-block-column-is-layout-flow\"><\/div>\n<\/div>","protected":false},"excerpt":{"rendered":"<p>Miscel\u00e1nea Adem\u00e1s de las l\u00edneas de investigaci\u00f3n previamente indicadas en los otros apartados, el grupo de investigaci\u00f3n tambi\u00e9n ha trabajado en el \u00e1mbito del radar multifunci\u00f3n, desarrollado una plataforma software para la evaluaci\u00f3n de planificadores de tareas a partir de un conjunto de caracter\u00edsticas del radar, con el objetivo de medir el rendimiento del sistema [&hellip;]<\/p>\n","protected":false},"author":724,"featured_media":0,"parent":1957,"menu_order":3,"comment_status":"closed","ping_status":"closed","template":"","meta":{"_uag_custom_page_level_css":"","footnotes":""},"class_list":["post-2088","page","type-page","status-publish","hentry","post"],"uagb_featured_image_src":{"full":false,"thumbnail":false,"medium":false,"medium_large":false,"large":false,"1536x1536":false,"2048x2048":false,"post-thumbnail":false,"vantage-thumbnail-no-sidebar":false,"vantage-slide":false,"vantage-carousel":false,"vantage-grid-loop":false},"uagb_author_info":{"display_name":"javierretortillo","author_link":"https:\/\/gpa.uva.es\/?author=724"},"uagb_comment_info":0,"uagb_excerpt":"Miscel\u00e1nea Adem\u00e1s de las l\u00edneas de investigaci\u00f3n previamente indicadas en los otros apartados, el grupo de investigaci\u00f3n tambi\u00e9n ha trabajado en el \u00e1mbito del radar multifunci\u00f3n, desarrollado una plataforma software para la evaluaci\u00f3n de planificadores de tareas a partir de un conjunto de caracter\u00edsticas del radar, con el objetivo de medir el rendimiento del sistema&hellip;","_links":{"self":[{"href":"https:\/\/gpa.uva.es\/index.php?rest_route=\/wp\/v2\/pages\/2088","targetHints":{"allow":["GET"]}}],"collection":[{"href":"https:\/\/gpa.uva.es\/index.php?rest_route=\/wp\/v2\/pages"}],"about":[{"href":"https:\/\/gpa.uva.es\/index.php?rest_route=\/wp\/v2\/types\/page"}],"author":[{"embeddable":true,"href":"https:\/\/gpa.uva.es\/index.php?rest_route=\/wp\/v2\/users\/724"}],"replies":[{"embeddable":true,"href":"https:\/\/gpa.uva.es\/index.php?rest_route=%2Fwp%2Fv2%2Fcomments&post=2088"}],"version-history":[{"count":0,"href":"https:\/\/gpa.uva.es\/index.php?rest_route=\/wp\/v2\/pages\/2088\/revisions"}],"up":[{"embeddable":true,"href":"https:\/\/gpa.uva.es\/index.php?rest_route=\/wp\/v2\/pages\/1957"}],"wp:attachment":[{"href":"https:\/\/gpa.uva.es\/index.php?rest_route=%2Fwp%2Fv2%2Fmedia&parent=2088"}],"curies":[{"name":"wp","href":"https:\/\/api.w.org\/{rel}","templated":true}]}}