{"id":2086,"date":"2024-01-09T07:52:44","date_gmt":"2024-01-09T07:52:44","guid":{"rendered":"https:\/\/gpa.uva.es\/?page_id=2086"},"modified":"2024-01-13T20:22:52","modified_gmt":"2024-01-13T20:22:52","slug":"linea-8","status":"publish","type":"page","link":"https:\/\/gpa.uva.es\/?page_id=2086","title":{"rendered":"8 | Aislamiento y Ruido"},"content":{"rendered":"<div style=\"height:20px\" aria-hidden=\"true\" class=\"wp-block-spacer\"><\/div>\n\n\n\n<h3 class=\"wp-block-heading has-text-align-center\">Aislamiento y Ruido<\/h3>\n\n\n\n<p>A nivel internacional se est\u00e1 elaborando una norma que define un sistema com\u00fan de clasificaci\u00f3n ac\u00fastica de viviendas, basado en los resultados del proyecto europeo COST Action TU0901. La propuesta ofrece a los pa\u00edses la oportunidad de establecer requisitos ac\u00fasticos para los edificios utilizando un conjunto armonizado de descriptores. Este conjunto armonizado considera la posibilidad de utilizar descriptores de aislamiento ac\u00fastico de impacto que incluyan o no el t\u00e9rmino C<sub>I<\/sub> de adaptaci\u00f3n del espectro de impacto. Adem\u00e1s, tambi\u00e9n considera la posibilidad de utilizar diferentes rangos de frecuencia para el t\u00e9rmino de adaptaci\u00f3n del espectro de impacto, C<sub>I50<\/sub> y C<sub>I100<\/sub>. Para evaluar el efecto potencial de tales cambios, es necesario proporcionar ecuaciones de traducci\u00f3n entre los descriptores armonizados existentes y los propuestos que pueden obtenerse a partir del an\u00e1lisis estad\u00edstico de un amplio conjunto de datos experimentales. Adem\u00e1s, es necesario investigar si las ecuaciones de traducci\u00f3n obtenidas son independientes del tipo de edificio (de suelos pesados o ligeros).<\/p>\n\n\n\n<div style=\"height:20px\" aria-hidden=\"true\" class=\"wp-block-spacer\"><\/div>\n\n\n<div class=\"wp-block-image\">\n<figure class=\"aligncenter size-full\"><img fetchpriority=\"high\" decoding=\"async\" width=\"392\" height=\"449\" src=\"https:\/\/gpa.uva.es\/files\/2024\/01\/img144.jpg\" alt=\"\" class=\"wp-image-2679\" srcset=\"https:\/\/gpa.uva.es\/files\/2024\/01\/img144.jpg 392w, https:\/\/gpa.uva.es\/files\/2024\/01\/img144-262x300.jpg 262w\" sizes=\"(max-width: 392px) 100vw, 392px\" \/><\/figure>\n<\/div>\n\n\n<div style=\"height:20px\" aria-hidden=\"true\" class=\"wp-block-spacer\"><\/div>\n\n\n\n<h4 class=\"wp-block-heading has-text-align-center\">Publicaciones relacionadas<\/h4>\n\n\n<p>\n<table id=\"tablepress-48\" class=\"tablepress tablepress-id-48\">\n<thead>\n<tr class=\"row-1\">\n\t<th class=\"column-1\">T\u00edtulo<\/th><th class=\"column-2\">Autores<\/th><th class=\"column-3\">A\u00f1o<\/th><th class=\"column-4\">ISSN<\/th><th class=\"column-5\">Revista<\/th><th class=\"column-6\">Descargar<\/th>\n<\/tr>\n<\/thead>\n<tbody class=\"row-striping row-hover\">\n<tr class=\"row-2\">\n\t<td class=\"column-1\"><a href=\"https:\/\/www.sciencedirect.com\/science\/article\/abs\/pii\/S0003682X17304437\" target=\"_blank\" rel=\"noopener noreferrer\">Translation between existing and proposed harmonized impact sound insulation descriptors and alignment within a proposed common acoustic classification scheme for buildings<\/a><\/td><td class=\"column-2\">Lara del Val, Mar\u00eda Machimbarrena, Marta Herr\u00e1ez, Carolina Monteiro, Reine Johansson<\/td><td class=\"column-3\">2018<\/td><td class=\"column-4\"><\/td><td class=\"column-5\">Applied Acoustics<br \/>\nVolume 129, 1 January 2018, Pages 204-216<\/td><td class=\"column-6\"><a class=\"logDesc\" href=\"http:\/\/gpa.uva.es\/files\/2020\/10\/AA2018_1-s2.0-S0003682X17304437-main.pdf\" target=\"_blank\" rel=\"noopener\"><div align=\"center\"><img decoding=\"async\" src=\"https:\/\/gpa.uva.es\/files\/2024\/01\/PDF_file_icon.svg_.png\" alt=\"Descargar\" width=\"50px\" height=\"60px\" \/><\/div><\/a><br \/>\n<\/td>\n<\/tr>\n<tr class=\"row-3\">\n\t<td class=\"column-1\"><a href=\"https:\/\/pubs.aip.org\/asa\/poma\/article\/28\/1\/015003\/835917\/Translation-between-existing-impact-sound\" target=\"_blank\" rel=\"noopener noreferrer\">Translation between existing impact sound insulation descriptors, based on a large set of in situ measurements<\/a><\/td><td class=\"column-2\">Mar\u00eda Machimbarrena, Lara Del Val, Marta Herr\u00e1ez, Carolina Monteiro, and Reine Johansson<\/td><td class=\"column-3\">2017<\/td><td class=\"column-4\"><\/td><td class=\"column-5\">Proceedings of Meetings on Acoustics, Vol. 28, 015003 (2017)<\/td><td class=\"column-6\"><a class=\"logDesc\" href=\"http:\/\/gpa.uva.es\/files\/2020\/10\/POMA2016_Translation-between-existing-impact-sound-insulation-descriptors-based-on-a-large-setof-in-situ-measurements.pdf\" target=\"_blank\" rel=\"noopener\"><div align=\"center\"><img decoding=\"async\" src=\"https:\/\/gpa.uva.es\/files\/2024\/01\/PDF_file_icon.svg_.png\" alt=\"Descargar\" width=\"50px\" height=\"60px\" \/><\/div><\/a><br \/>\n<\/td>\n<\/tr>\n<\/tbody>\n<\/table>\n<!-- #tablepress-48 from cache --><br \/>\n\n<table id=\"tablepress-49\" class=\"tablepress tablepress-id-49\">\n<thead>\n<tr class=\"row-1\">\n\t<th class=\"column-1\">T\u00edtulo<\/th><th class=\"column-2\">Autores<\/th><th class=\"column-3\">A\u00f1o<\/th><th class=\"column-4\">Congreso<\/th><th class=\"column-5\">Descargar<\/th>\n<\/tr>\n<\/thead>\n<tbody class=\"row-striping row-hover\">\n<tr class=\"row-2\">\n\t<td class=\"column-1\">Fault Detection Methodology for a Fan Matrix based on SVM Classification of Acoustic Images<\/td><td class=\"column-2\">Lara del Val, Alberto Izquierdo, Juan J. Villacorta, Marta Herr\u00e1ez, Luis Su\u00e1rez<\/td><td class=\"column-3\">2018<\/td><td class=\"column-4\"> International Conference on Condition Moonitoring of  Machinery in Non-stationary Operations (CMMNO 2018)<\/td><td class=\"column-5\"><a class=\"logDesc\" href=\"http:\/\/gpa.uva.es\/files\/2020\/10\/cmmno2018_paper_45.pdf\" target=\"_blank\" rel=\"noopener\"><div align=\"center\"><img decoding=\"async\" src=\"https:\/\/gpa.uva.es\/files\/2024\/01\/PDF_file_icon.svg_.png\" alt=\"Descargar\" width=\"50px\" height=\"60px\" \/><\/div><\/a><\/td>\n<\/tr>\n<tr class=\"row-3\">\n\t<td class=\"column-1\">Estudio del \u00edndice alternativo Rimpact para aislamiento a ruido de impacto<\/td><td class=\"column-2\">Cordero, Silvia; del Val, Lara; Machimbarrena, Mar\u00eda; Herr\u00e1ez, Marta; Johansson, Reine<\/td><td class=\"column-3\">2018<\/td><td class=\"column-4\">FIA 2018<br \/>\nXI Congreso Iberoamericano de Ac\u00fastica; X Congreso Ib\u00e9rico de Ac\u00fastica; 49\u00ba Congreso Espa\u00f1ol de Ac\u00fastica -TecnAcustica\u201918<\/td><td class=\"column-5\"><a class=\"logDesc\" href=\"http:\/\/gpa.uva.es\/files\/2020\/10\/FIA2018_AED4_Estudio-Rimpact_Cordero_et-al.pdf\" target=\"_blank\" rel=\"noopener\"><div align=\"center\"><img decoding=\"async\" src=\"https:\/\/gpa.uva.es\/files\/2024\/01\/PDF_file_icon.svg_.png\" alt=\"Descargar\" width=\"50px\" height=\"60px\" \/><\/div><\/a><\/td>\n<\/tr>\n<tr class=\"row-4\">\n\t<td class=\"column-1\">Translation of existing impact sound insulation descriptors into new proposed ones, based on a large set of in situ measurements<\/td><td class=\"column-2\">Maria Machimbarrena, Lara del Val, Carolina Rodrigues A. Monteiro, Marta Herr\u00e1ez, Reine Johansson<\/td><td class=\"column-3\">2016<\/td><td class=\"column-4\">22nd International Congress on Acoustics (ICA)<\/td><td class=\"column-5\"><a class=\"logDesc\" href=\"http:\/\/gpa.uva.es\/files\/2020\/10\/ICA2016-Paper-160.pdf\" target=\"_blank\" rel=\"noopener\"><div align=\"center\"><img decoding=\"async\" src=\"https:\/\/gpa.uva.es\/files\/2024\/01\/PDF_file_icon.svg_.png\" alt=\"Descargar\" width=\"50px\" height=\"60px\" \/><\/div><\/a><\/td>\n<\/tr>\n<\/tbody>\n<\/table>\n<!-- #tablepress-49 from cache --><\/p>\n\n\n\n<div style=\"height:20px\" aria-hidden=\"true\" class=\"wp-block-spacer\"><\/div>\n\n\n\n<div class=\"wp-block-columns is-layout-flex wp-container-core-columns-is-layout-9d6595d7 wp-block-columns-is-layout-flex\">\n<div class=\"wp-block-column is-layout-flow wp-block-column-is-layout-flow\"><\/div>\n\n\n\n<div class=\"wp-block-column is-layout-flow wp-block-column-is-layout-flow\"><\/div>\n<\/div>","protected":false},"excerpt":{"rendered":"<p>Aislamiento y Ruido A nivel internacional se est\u00e1 elaborando una norma que define un sistema com\u00fan de clasificaci\u00f3n ac\u00fastica de viviendas, basado en los resultados del proyecto europeo COST Action TU0901. La propuesta ofrece a los pa\u00edses la oportunidad de establecer requisitos ac\u00fasticos para los edificios utilizando un conjunto armonizado de descriptores. Este conjunto armonizado [&hellip;]<\/p>\n","protected":false},"author":724,"featured_media":0,"parent":1957,"menu_order":3,"comment_status":"closed","ping_status":"closed","template":"","meta":{"_uag_custom_page_level_css":"","footnotes":""},"class_list":["post-2086","page","type-page","status-publish","hentry","post"],"uagb_featured_image_src":{"full":false,"thumbnail":false,"medium":false,"medium_large":false,"large":false,"1536x1536":false,"2048x2048":false,"post-thumbnail":false,"vantage-thumbnail-no-sidebar":false,"vantage-slide":false,"vantage-carousel":false,"vantage-grid-loop":false},"uagb_author_info":{"display_name":"javierretortillo","author_link":"https:\/\/gpa.uva.es\/?author=724"},"uagb_comment_info":0,"uagb_excerpt":"Aislamiento y Ruido A nivel internacional se est\u00e1 elaborando una norma que define un sistema com\u00fan de clasificaci\u00f3n ac\u00fastica de viviendas, basado en los resultados del proyecto europeo COST Action TU0901. La propuesta ofrece a los pa\u00edses la oportunidad de establecer requisitos ac\u00fasticos para los edificios utilizando un conjunto armonizado de descriptores. Este conjunto armonizado&hellip;","_links":{"self":[{"href":"https:\/\/gpa.uva.es\/index.php?rest_route=\/wp\/v2\/pages\/2086","targetHints":{"allow":["GET"]}}],"collection":[{"href":"https:\/\/gpa.uva.es\/index.php?rest_route=\/wp\/v2\/pages"}],"about":[{"href":"https:\/\/gpa.uva.es\/index.php?rest_route=\/wp\/v2\/types\/page"}],"author":[{"embeddable":true,"href":"https:\/\/gpa.uva.es\/index.php?rest_route=\/wp\/v2\/users\/724"}],"replies":[{"embeddable":true,"href":"https:\/\/gpa.uva.es\/index.php?rest_route=%2Fwp%2Fv2%2Fcomments&post=2086"}],"version-history":[{"count":0,"href":"https:\/\/gpa.uva.es\/index.php?rest_route=\/wp\/v2\/pages\/2086\/revisions"}],"up":[{"embeddable":true,"href":"https:\/\/gpa.uva.es\/index.php?rest_route=\/wp\/v2\/pages\/1957"}],"wp:attachment":[{"href":"https:\/\/gpa.uva.es\/index.php?rest_route=%2Fwp%2Fv2%2Fmedia&parent=2086"}],"curies":[{"name":"wp","href":"https:\/\/api.w.org\/{rel}","templated":true}]}}