{"id":2084,"date":"2024-01-09T07:52:33","date_gmt":"2024-01-09T07:52:33","guid":{"rendered":"https:\/\/gpa.uva.es\/?page_id=2084"},"modified":"2024-01-13T20:20:16","modified_gmt":"2024-01-13T20:20:16","slug":"linea-7","status":"publish","type":"page","link":"https:\/\/gpa.uva.es\/?page_id=2084","title":{"rendered":"7 | Aplicaci\u00f3n de arrays ac\u00fasticos en la ingenier\u00eda forestal"},"content":{"rendered":"<div style=\"height:20px\" aria-hidden=\"true\" class=\"wp-block-spacer\"><\/div>\n\n\n\n<h3 class=\"wp-block-heading has-text-align-center\">Aplicaci\u00f3n de arrays ac\u00fasticos en la ingenier\u00eda forestal<\/h3>\n\n\n\n<p>La degradaci\u00f3n de estructuras de madera por ataques de insectos xil\u00f3fagos es un problema mundial en parte inevitable. Por otro lado, las emisiones ac\u00fasticas (EA) son ondas el\u00e1sticas en materiales s\u00f3lidos causadas por fracturas en macro o microestructuras o por fricci\u00f3n, utilizadas de forma rutinaria como m\u00e9todo est\u00e1ndar para estudiar la fatiga y otros fen\u00f3menos en ingenier\u00eda de materiales. En la madera, hace tiempo que se graban y registran sonidos con el objetivo de identificar el ataque activo de insectos.<\/p>\n\n\n\n<p>El objetivo de esta l\u00ednea de investigaci\u00f3n es encontrar y desarrollar una t\u00e9cnica de bajo coste y sin contacto, utilizando un array de micr\u00f3fonos MEMS, capaz de detectar y localizar con precisi\u00f3n larvas activas de insectos xil\u00f3fagos en el interior de la madera. El sistema en desarrollo podr\u00eda tambi\u00e9n estar dirigido al control de infecciones en museos y otros lugares donde sea necesaria la protecci\u00f3n de la madera patrimonial, infecciones involuntarias en el comercio internacional de madera, en el ensamblaje y uso de madera infectada y, en todos los casos, y permitir\u00eda la ejecuci\u00f3n de tratamientos selectivos, dirigidos y localizados y la verificaci\u00f3n de su \u00e9xito.<\/p>\n\n\n\n<div style=\"height:20px\" aria-hidden=\"true\" class=\"wp-block-spacer\"><\/div>\n\n\n\n<div class=\"wp-block-group is-content-justification-center is-nowrap is-layout-flex wp-container-core-group-is-layout-94bc23d7 wp-block-group-is-layout-flex\">\n<figure class=\"wp-block-image size-full is-resized\"><img fetchpriority=\"high\" decoding=\"async\" width=\"431\" height=\"571\" src=\"https:\/\/gpa.uva.es\/files\/2024\/01\/img141.jpg\" alt=\"\" class=\"wp-image-2676\" style=\"width:auto;height:720px\" srcset=\"https:\/\/gpa.uva.es\/files\/2024\/01\/img141.jpg 431w, https:\/\/gpa.uva.es\/files\/2024\/01\/img141-226x300.jpg 226w\" sizes=\"(max-width: 431px) 100vw, 431px\" \/><\/figure>\n\n\n\n<figure class=\"wp-block-image size-full is-resized\"><img decoding=\"async\" width=\"464\" height=\"620\" src=\"https:\/\/gpa.uva.es\/files\/2024\/01\/img143.jpg\" alt=\"\" class=\"wp-image-2678\" style=\"width:auto;height:720px\" srcset=\"https:\/\/gpa.uva.es\/files\/2024\/01\/img143.jpg 464w, https:\/\/gpa.uva.es\/files\/2024\/01\/img143-225x300.jpg 225w\" sizes=\"(max-width: 464px) 100vw, 464px\" \/><\/figure>\n<\/div>\n\n\n\n<div style=\"height:20px\" aria-hidden=\"true\" class=\"wp-block-spacer\"><\/div>\n\n\n<div class=\"wp-block-image\">\n<figure class=\"aligncenter size-full\"><img decoding=\"async\" width=\"513\" height=\"439\" src=\"https:\/\/gpa.uva.es\/files\/2024\/01\/img142.jpg\" alt=\"\" class=\"wp-image-2677\" srcset=\"https:\/\/gpa.uva.es\/files\/2024\/01\/img142.jpg 513w, https:\/\/gpa.uva.es\/files\/2024\/01\/img142-300x257.jpg 300w\" sizes=\"(max-width: 513px) 100vw, 513px\" \/><\/figure>\n<\/div>\n\n\n<div style=\"height:20px\" aria-hidden=\"true\" class=\"wp-block-spacer\"><\/div>\n\n\n\n<h4 class=\"wp-block-heading has-text-align-center\">Publicaciones relacionadas<\/h4>\n\n\n<p>\n<table id=\"tablepress-46\" class=\"tablepress tablepress-id-46\">\n<thead>\n<tr class=\"row-1\">\n\t<th class=\"column-1\">T\u00edtulo<\/th><th class=\"column-2\">Autores<\/th><th class=\"column-3\">A\u00f1o<\/th><th class=\"column-4\">ISSN<\/th><th class=\"column-5\">Revista<\/th><th class=\"column-6\">Descargar<\/th>\n<\/tr>\n<\/thead>\n<tbody class=\"row-striping row-hover\">\n<tr class=\"row-2\">\n\t<td class=\"column-1\"><a href=\"https:\/\/www.sciencedirect.com\/science\/article\/pii\/S0003682X23004164\" target=\"blank\" rel=\"noopener\">Acoustic detection and localisation system for Hylotrupes bajulus L. larvae using a MEMS microphone array<\/a><\/td><td class=\"column-2\">Mart\u00ednez, R.D.; Izquierdo, A.; Villacorta, J.J.; del Val, L.; Basterra, L.A.<\/td><td class=\"column-3\">2023<\/td><td class=\"column-4\"><\/td><td class=\"column-5\">Applied Acoustics<br \/>\nVolume 213, October 2023, 109618<\/td><td class=\"column-6\"><a class=\"logDesc\" href=\"https:\/\/gpa.uva.es\/files\/2023\/11\/APAC-D-23-00403_R3_articuloLarvas.pdf\" target=\"_blank\" rel=\"noopener\"><div align=\"center\"><img decoding=\"async\" src=\"https:\/\/gpa.uva.es\/files\/2024\/01\/PDF_file_icon.svg_.png\" alt=\"Descargar\" width=\"50px\" height=\"60px\" \/><\/div><\/a><\/td>\n<\/tr>\n<\/tbody>\n<\/table>\n<!-- #tablepress-46 from cache --><br \/>\n\n<table id=\"tablepress-47\" class=\"tablepress tablepress-id-47\">\n<thead>\n<tr class=\"row-1\">\n\t<th class=\"column-1\">T\u00edtulo<\/th><th class=\"column-2\">Autores<\/th><th class=\"column-3\">A\u00f1o<\/th><th class=\"column-4\">Congreso<\/th><th class=\"column-5\">Descargar<\/th>\n<\/tr>\n<\/thead>\n<tbody class=\"row-striping row-hover\">\n<tr class=\"row-2\">\n\t<td class=\"column-1\">Detecci\u00f3n y Localizaci\u00f3n de larvas de ceramb\u00edcidos mediante un array de micr\u00f3f\u00f3nos MEMS<\/td><td class=\"column-2\">Roberto Mart\u00ednez, Jos\u00e9-A. Balmori, David Escolano, Alberto Izquierdo-Fuente, Juan-Jos\u00e9 Villacorta-Calvo, Luis-Alfonso Basterra<\/td><td class=\"column-3\">2019<\/td><td class=\"column-4\">Lignomad 2019<\/td><td class=\"column-5\"><a class=\"logDesc\" href=\"http:\/\/gpa.uva.es\/files\/2020\/10\/lignomad2019_Deteccion-larvas-Poster.pdf\" target=\"_blank\" rel=\"noopener\"><div align=\"center\"><img decoding=\"async\" src=\"https:\/\/gpa.uva.es\/files\/2024\/01\/PDF_file_icon.svg_.png\" alt=\"Descargar\" width=\"50px\" height=\"60px\" \/><\/div><\/a><\/td>\n<\/tr>\n<\/tbody>\n<\/table>\n<!-- #tablepress-47 from cache --><\/p>\n\n\n\n<div style=\"height:20px\" aria-hidden=\"true\" class=\"wp-block-spacer\"><\/div>\n\n\n\n<div class=\"wp-block-columns is-layout-flex wp-container-core-columns-is-layout-9d6595d7 wp-block-columns-is-layout-flex\">\n<div class=\"wp-block-column is-layout-flow wp-block-column-is-layout-flow\"><\/div>\n\n\n\n<div class=\"wp-block-column is-layout-flow wp-block-column-is-layout-flow\"><\/div>\n<\/div>","protected":false},"excerpt":{"rendered":"<p>Aplicaci\u00f3n de arrays ac\u00fasticos en la ingenier\u00eda forestal La degradaci\u00f3n de estructuras de madera por ataques de insectos xil\u00f3fagos es un problema mundial en parte inevitable. Por otro lado, las emisiones ac\u00fasticas (EA) son ondas el\u00e1sticas en materiales s\u00f3lidos causadas por fracturas en macro o microestructuras o por fricci\u00f3n, utilizadas de forma rutinaria como m\u00e9todo [&hellip;]<\/p>\n","protected":false},"author":724,"featured_media":0,"parent":1957,"menu_order":3,"comment_status":"closed","ping_status":"closed","template":"","meta":{"_uag_custom_page_level_css":"","footnotes":""},"class_list":["post-2084","page","type-page","status-publish","hentry","post"],"uagb_featured_image_src":{"full":false,"thumbnail":false,"medium":false,"medium_large":false,"large":false,"1536x1536":false,"2048x2048":false,"post-thumbnail":false,"vantage-thumbnail-no-sidebar":false,"vantage-slide":false,"vantage-carousel":false,"vantage-grid-loop":false},"uagb_author_info":{"display_name":"javierretortillo","author_link":"https:\/\/gpa.uva.es\/?author=724"},"uagb_comment_info":0,"uagb_excerpt":"Aplicaci\u00f3n de arrays ac\u00fasticos en la ingenier\u00eda forestal La degradaci\u00f3n de estructuras de madera por ataques de insectos xil\u00f3fagos es un problema mundial en parte inevitable. Por otro lado, las emisiones ac\u00fasticas (EA) son ondas el\u00e1sticas en materiales s\u00f3lidos causadas por fracturas en macro o microestructuras o por fricci\u00f3n, utilizadas de forma rutinaria como m\u00e9todo&hellip;","_links":{"self":[{"href":"https:\/\/gpa.uva.es\/index.php?rest_route=\/wp\/v2\/pages\/2084","targetHints":{"allow":["GET"]}}],"collection":[{"href":"https:\/\/gpa.uva.es\/index.php?rest_route=\/wp\/v2\/pages"}],"about":[{"href":"https:\/\/gpa.uva.es\/index.php?rest_route=\/wp\/v2\/types\/page"}],"author":[{"embeddable":true,"href":"https:\/\/gpa.uva.es\/index.php?rest_route=\/wp\/v2\/users\/724"}],"replies":[{"embeddable":true,"href":"https:\/\/gpa.uva.es\/index.php?rest_route=%2Fwp%2Fv2%2Fcomments&post=2084"}],"version-history":[{"count":0,"href":"https:\/\/gpa.uva.es\/index.php?rest_route=\/wp\/v2\/pages\/2084\/revisions"}],"up":[{"embeddable":true,"href":"https:\/\/gpa.uva.es\/index.php?rest_route=\/wp\/v2\/pages\/1957"}],"wp:attachment":[{"href":"https:\/\/gpa.uva.es\/index.php?rest_route=%2Fwp%2Fv2%2Fmedia&parent=2084"}],"curies":[{"name":"wp","href":"https:\/\/api.w.org\/{rel}","templated":true}]}}