{"id":2082,"date":"2024-01-09T07:52:21","date_gmt":"2024-01-09T07:52:21","guid":{"rendered":"https:\/\/gpa.uva.es\/?page_id=2082"},"modified":"2024-01-13T20:16:30","modified_gmt":"2024-01-13T20:16:30","slug":"linea-6","status":"publish","type":"page","link":"https:\/\/gpa.uva.es\/?page_id=2082","title":{"rendered":"6 | Dise\u00f1o de sistemas para an\u00e1lisis de vibraciones"},"content":{"rendered":"<div style=\"height:20px\" aria-hidden=\"true\" class=\"wp-block-spacer\"><\/div>\n\n\n\n<h3 class=\"wp-block-heading has-text-align-center\">Dise\u00f1o de sistemas para an\u00e1lisis de vibraciones<\/h3>\n\n\n\n<p>Una monitorizaci\u00f3n continua de la integridad estructural de los edificions podr\u00eda ayudar a detectar su envejecimiento prematuro o posibles da\u00f1os sufridos y orientar un plan de mantenimiento adecuado teniendo. Estas t\u00e9cnicas Monitorizaci\u00f3n de la Salud Estructural (SHM \u2013 <em>Structural Health Monitoring<\/em>) pueden incluir un dispositivo registrador de datos (<em>data logger<\/em>), varios sensores y una cierta capacidad de procesado. El an\u00e1lisis de vibraciones en una evaluaci\u00f3n estructural, haciendo uso de aceler\u00f3metros (entre otros tipos de sensores), permite medir la respuesta estructural y detectar cambios en los par\u00e1metros modales (frecuencias naturales, relaciones de amortiguamiento y formas modales), dando pistas sobre la existencia de alg\u00fan tipo de da\u00f1o estructural.<\/p>\n\n\n\n<p>En esta l\u00ednea de investigaci\u00f3n se trabaja en el dise\u00f1o, desarrollo y pruebas de un sistema de SHM de bajo coste basado en aceler\u00f3metros triaxiales MEMS (<em>Micro Electro-Mechanical Systems<\/em>). Se trabaja en el desarrollo de un nuevo sistema de control compuesto por una plataforma myRIO, gestionada por un software espec\u00edfico LabVIEW, que tambi\u00e9n es el encargado de calcular las funciones de respuesta en frecuencia para el posterior an\u00e1lisis modal.<\/p>\n\n\n\n<div style=\"height:20px\" aria-hidden=\"true\" class=\"wp-block-spacer\"><\/div>\n\n\n\n<figure class=\"wp-block-image alignwide size-full\"><img fetchpriority=\"high\" decoding=\"async\" width=\"774\" height=\"348\" src=\"https:\/\/gpa.uva.es\/files\/2024\/01\/img97.jpg\" alt=\"\" class=\"wp-image-2672\" srcset=\"https:\/\/gpa.uva.es\/files\/2024\/01\/img97.jpg 774w, https:\/\/gpa.uva.es\/files\/2024\/01\/img97-300x135.jpg 300w, https:\/\/gpa.uva.es\/files\/2024\/01\/img97-768x345.jpg 768w\" sizes=\"(max-width: 774px) 100vw, 774px\" \/><\/figure>\n\n\n\n<div style=\"height:20px\" aria-hidden=\"true\" class=\"wp-block-spacer\"><\/div>\n\n\n\n<div class=\"wp-block-group is-content-justification-center is-nowrap is-layout-flex wp-container-core-group-is-layout-94bc23d7 wp-block-group-is-layout-flex\">\n<figure class=\"wp-block-image size-full is-resized\"><img decoding=\"async\" width=\"623\" height=\"422\" src=\"https:\/\/gpa.uva.es\/files\/2024\/01\/img99.jpg\" alt=\"\" class=\"wp-image-2674\" style=\"width:auto;height:450px\" srcset=\"https:\/\/gpa.uva.es\/files\/2024\/01\/img99.jpg 623w, https:\/\/gpa.uva.es\/files\/2024\/01\/img99-300x203.jpg 300w\" sizes=\"(max-width: 623px) 100vw, 623px\" \/><\/figure>\n\n\n\n<figure class=\"wp-block-image size-full is-resized\"><img decoding=\"async\" width=\"467\" height=\"421\" src=\"https:\/\/gpa.uva.es\/files\/2024\/01\/img100.jpg\" alt=\"\" class=\"wp-image-2675\" style=\"width:auto;height:450px\" srcset=\"https:\/\/gpa.uva.es\/files\/2024\/01\/img100.jpg 467w, https:\/\/gpa.uva.es\/files\/2024\/01\/img100-300x270.jpg 300w\" sizes=\"(max-width: 467px) 100vw, 467px\" \/><\/figure>\n<\/div>\n\n\n\n<div style=\"height:20px\" aria-hidden=\"true\" class=\"wp-block-spacer\"><\/div>\n\n\n\n<figure class=\"wp-block-image alignwide size-full\"><img loading=\"lazy\" decoding=\"async\" width=\"608\" height=\"283\" src=\"https:\/\/gpa.uva.es\/files\/2024\/01\/img98.jpg\" alt=\"\" class=\"wp-image-2673\" srcset=\"https:\/\/gpa.uva.es\/files\/2024\/01\/img98.jpg 608w, https:\/\/gpa.uva.es\/files\/2024\/01\/img98-300x140.jpg 300w\" sizes=\"(max-width: 608px) 100vw, 608px\" \/><\/figure>\n\n\n\n<div style=\"height:20px\" aria-hidden=\"true\" class=\"wp-block-spacer\"><\/div>\n\n\n\n<h4 class=\"wp-block-heading has-text-align-center\">Publicaciones relacionadas<\/h4>\n\n\n<p>[table id=44 \/]<br \/>\n[table id=45 \/]<\/p>\n\n\n\n<div style=\"height:20px\" aria-hidden=\"true\" class=\"wp-block-spacer\"><\/div>\n\n\n\n<div class=\"wp-block-columns is-layout-flex wp-container-core-columns-is-layout-9d6595d7 wp-block-columns-is-layout-flex\">\n<div class=\"wp-block-column is-layout-flow wp-block-column-is-layout-flow\"><\/div>\n\n\n\n<div class=\"wp-block-column is-layout-flow wp-block-column-is-layout-flow\"><\/div>\n<\/div>","protected":false},"excerpt":{"rendered":"<p>Dise\u00f1o de sistemas para an\u00e1lisis de vibraciones Una monitorizaci\u00f3n continua de la integridad estructural de los edificions podr\u00eda ayudar a detectar su envejecimiento prematuro o posibles da\u00f1os sufridos y orientar un plan de mantenimiento adecuado teniendo. Estas t\u00e9cnicas Monitorizaci\u00f3n de la Salud Estructural (SHM \u2013 Structural Health Monitoring) pueden incluir un dispositivo registrador de datos [&hellip;]<\/p>\n","protected":false},"author":724,"featured_media":0,"parent":1957,"menu_order":3,"comment_status":"closed","ping_status":"closed","template":"","meta":{"footnotes":""},"class_list":["post-2082","page","type-page","status-publish","hentry","post"],"_links":{"self":[{"href":"https:\/\/gpa.uva.es\/index.php?rest_route=\/wp\/v2\/pages\/2082","targetHints":{"allow":["GET"]}}],"collection":[{"href":"https:\/\/gpa.uva.es\/index.php?rest_route=\/wp\/v2\/pages"}],"about":[{"href":"https:\/\/gpa.uva.es\/index.php?rest_route=\/wp\/v2\/types\/page"}],"author":[{"embeddable":true,"href":"https:\/\/gpa.uva.es\/index.php?rest_route=\/wp\/v2\/users\/724"}],"replies":[{"embeddable":true,"href":"https:\/\/gpa.uva.es\/index.php?rest_route=%2Fwp%2Fv2%2Fcomments&post=2082"}],"version-history":[{"count":0,"href":"https:\/\/gpa.uva.es\/index.php?rest_route=\/wp\/v2\/pages\/2082\/revisions"}],"up":[{"embeddable":true,"href":"https:\/\/gpa.uva.es\/index.php?rest_route=\/wp\/v2\/pages\/1957"}],"wp:attachment":[{"href":"https:\/\/gpa.uva.es\/index.php?rest_route=%2Fwp%2Fv2%2Fmedia&parent=2082"}],"curies":[{"name":"wp","href":"https:\/\/api.w.org\/{rel}","templated":true}]}}