{"id":2076,"date":"2024-01-09T07:51:43","date_gmt":"2024-01-09T07:51:43","guid":{"rendered":"https:\/\/gpa.uva.es\/?page_id=2076"},"modified":"2024-01-13T20:00:08","modified_gmt":"2024-01-13T20:00:08","slug":"linea-3","status":"publish","type":"page","link":"https:\/\/gpa.uva.es\/?page_id=2076","title":{"rendered":"3 | Sistemas ac\u00fasticos de vigilancia"},"content":{"rendered":"<div style=\"height:20px\" aria-hidden=\"true\" class=\"wp-block-spacer\"><\/div>\n\n\n\n<h3 class=\"wp-block-heading has-text-align-center\">Sistemas ac\u00fasticos de vigilancia<\/h3>\n\n\n\n<p>Mediante un conjunto extenso de sensores del mismo tipo (denominado array) constituidos por micr\u00f3fonos y altavoces que se disponen en un plano con una geometr\u00eda establecida, y utilizando t\u00e9cnicas (denominadas de conformaci\u00f3n de haz) que permiten apuntar el \u201carray\u201d de forma electr\u00f3nica a un punto del espacio, (sin que la antena tenga que realizar movimiento alguno), se explora una espacio de vigilancia, detectando los objetos que est\u00e9n presentes, estimando su posici\u00f3n espacial y finalmente realizando una estimaci\u00f3n de su trayectoria y sus par\u00e1metros cinem\u00e1ticos (Velocidad, aceleraci\u00f3n, etc.). Detectar y encontrar personas son tareas complejas cuando la visibilidad es reducida. Esto ocurre, por ejemplo, si se produce un incendio. En estas situaciones, se generan fuentes de calor y grandes cantidades de humo. En estas circunstancias, la localizaci\u00f3n de supervivientes mediante c\u00e1maras t\u00e9rmicas o convencionales no es posible y es necesario utilizar t\u00e9cnicas alternativas. El reto de esta investigaci\u00f3n es la integraci\u00f3n de una c\u00e1mara ac\u00fastica, basada en un array de micr\u00f3fonos MEMS, en un veh\u00edculo a\u00e9reo no tripulado (UAV) para localizar, mediante sonido, a personas que est\u00e9n pidiendo ayuda.<\/p>\n\n\n\n<div style=\"height:20px\" aria-hidden=\"true\" class=\"wp-block-spacer\"><\/div>\n\n\n\n<figure class=\"wp-block-image alignwide size-full\"><img fetchpriority=\"high\" decoding=\"async\" width=\"651\" height=\"393\" src=\"https:\/\/gpa.uva.es\/files\/2024\/01\/img63.jpg\" alt=\"\" class=\"wp-image-2664\" srcset=\"https:\/\/gpa.uva.es\/files\/2024\/01\/img63.jpg 651w, https:\/\/gpa.uva.es\/files\/2024\/01\/img63-300x181.jpg 300w\" sizes=\"(max-width: 651px) 100vw, 651px\" \/><\/figure>\n\n\n\n<div style=\"height:20px\" aria-hidden=\"true\" class=\"wp-block-spacer\"><\/div>\n\n\n\n<div class=\"wp-block-group is-content-justification-center is-nowrap is-layout-flex wp-container-core-group-is-layout-94bc23d7 wp-block-group-is-layout-flex\">\n<figure class=\"wp-block-image size-full is-resized\"><img decoding=\"async\" width=\"576\" height=\"487\" src=\"https:\/\/gpa.uva.es\/files\/2020\/05\/image-4.png\" alt=\"\" class=\"wp-image-601\" style=\"width:auto;height:692px\" srcset=\"https:\/\/gpa.uva.es\/files\/2020\/05\/image-4.png 576w, https:\/\/gpa.uva.es\/files\/2020\/05\/image-4-300x254.png 300w, https:\/\/gpa.uva.es\/files\/2020\/05\/image-4-250x211.png 250w\" sizes=\"(max-width: 576px) 100vw, 576px\" \/><\/figure>\n\n\n\n<figure class=\"wp-block-image size-full is-resized\"><img decoding=\"async\" width=\"468\" height=\"692\" src=\"https:\/\/gpa.uva.es\/files\/2020\/05\/image.png\" alt=\"\" class=\"wp-image-595\" style=\"width:auto;height:692px\" srcset=\"https:\/\/gpa.uva.es\/files\/2020\/05\/image.png 468w, https:\/\/gpa.uva.es\/files\/2020\/05\/image-203x300.png 203w, https:\/\/gpa.uva.es\/files\/2020\/05\/image-250x370.png 250w\" sizes=\"(max-width: 468px) 100vw, 468px\" \/><\/figure>\n<\/div>\n\n\n\n<div style=\"height:20px\" aria-hidden=\"true\" class=\"wp-block-spacer\"><\/div>\n\n\n\n<h4 class=\"wp-block-heading has-text-align-center\">Publicaciones relacionadas<\/h4>\n\n\n<p>[table id=37 \/]<br \/>\n[table id=38 \/]<br \/>\n[table id=39 \/]<\/p>\n\n\n\n<div style=\"height:20px\" aria-hidden=\"true\" class=\"wp-block-spacer\"><\/div>\n\n\n\n<div class=\"wp-block-columns is-layout-flex wp-container-core-columns-is-layout-9d6595d7 wp-block-columns-is-layout-flex\">\n<div class=\"wp-block-column is-layout-flow wp-block-column-is-layout-flow\"><\/div>\n\n\n\n<div class=\"wp-block-column is-layout-flow wp-block-column-is-layout-flow\"><\/div>\n<\/div>","protected":false},"excerpt":{"rendered":"<p>Sistemas ac\u00fasticos de vigilancia Mediante un conjunto extenso de sensores del mismo tipo (denominado array) constituidos por micr\u00f3fonos y altavoces que se disponen en un plano con una geometr\u00eda establecida, y utilizando t\u00e9cnicas (denominadas de conformaci\u00f3n de haz) que permiten apuntar el \u201carray\u201d de forma electr\u00f3nica a un punto del espacio, (sin que la antena [&hellip;]<\/p>\n","protected":false},"author":724,"featured_media":0,"parent":1957,"menu_order":3,"comment_status":"closed","ping_status":"closed","template":"","meta":{"footnotes":""},"class_list":["post-2076","page","type-page","status-publish","hentry","post"],"_links":{"self":[{"href":"https:\/\/gpa.uva.es\/index.php?rest_route=\/wp\/v2\/pages\/2076","targetHints":{"allow":["GET"]}}],"collection":[{"href":"https:\/\/gpa.uva.es\/index.php?rest_route=\/wp\/v2\/pages"}],"about":[{"href":"https:\/\/gpa.uva.es\/index.php?rest_route=\/wp\/v2\/types\/page"}],"author":[{"embeddable":true,"href":"https:\/\/gpa.uva.es\/index.php?rest_route=\/wp\/v2\/users\/724"}],"replies":[{"embeddable":true,"href":"https:\/\/gpa.uva.es\/index.php?rest_route=%2Fwp%2Fv2%2Fcomments&post=2076"}],"version-history":[{"count":0,"href":"https:\/\/gpa.uva.es\/index.php?rest_route=\/wp\/v2\/pages\/2076\/revisions"}],"up":[{"embeddable":true,"href":"https:\/\/gpa.uva.es\/index.php?rest_route=\/wp\/v2\/pages\/1957"}],"wp:attachment":[{"href":"https:\/\/gpa.uva.es\/index.php?rest_route=%2Fwp%2Fv2%2Fmedia&parent=2076"}],"curies":[{"name":"wp","href":"https:\/\/api.w.org\/{rel}","templated":true}]}}