{"id":1957,"date":"2024-01-08T10:47:48","date_gmt":"2024-01-08T10:47:48","guid":{"rendered":"https:\/\/gpa.uva.es\/?page_id=1957"},"modified":"2024-01-15T09:06:06","modified_gmt":"2024-01-15T09:06:06","slug":"lineas-v2","status":"publish","type":"page","link":"https:\/\/gpa.uva.es\/?page_id=1957","title":{"rendered":"L\u00edneas de investigaci\u00f3n"},"content":{"rendered":"<h3 class=\"wp-block-heading has-text-align-center\">L\u00edneas de investigaci\u00f3n<\/h3>\n\n\n\n<div style=\"height:20px\" aria-hidden=\"true\" class=\"wp-block-spacer\"><\/div>\n\n\n\n<div class=\"wp-block-columns is-layout-flex wp-container-core-columns-is-layout-9d6595d7 wp-block-columns-is-layout-flex\">\n<div class=\"wp-block-column is-layout-flow wp-block-column-is-layout-flow\"><div class=\"wp-block-image is-style-rounded\">\n<figure class=\"aligncenter size-full is-resized\"><a href=\"https:\/\/gpa.uva.es\/?page_id=1975\"><img fetchpriority=\"high\" decoding=\"async\" width=\"499\" height=\"510\" src=\"https:\/\/gpa.uva.es\/files\/2024\/01\/img36.jpg\" alt=\"\" class=\"wp-image-2593\" style=\"object-fit:cover;width:150px;height:150px\" srcset=\"https:\/\/gpa.uva.es\/files\/2024\/01\/img36.jpg 499w, https:\/\/gpa.uva.es\/files\/2024\/01\/img36-294x300.jpg 294w\" sizes=\"(max-width: 499px) 100vw, 499px\" \/><\/a><\/figure>\n<\/div>\n\n\n<div style=\"height:20px\" aria-hidden=\"true\" class=\"wp-block-spacer\"><\/div>\n\n\n\n<h5 class=\"wp-block-heading has-text-align-center\">Dise\u00f1o de arrays inteligentes MEMS<\/h5>\n<\/div>\n\n\n\n<div class=\"wp-block-column is-layout-flow wp-block-column-is-layout-flow\"><div class=\"wp-block-image is-style-rounded\">\n<figure class=\"aligncenter size-full is-resized\"><a href=\"https:\/\/gpa.uva.es\/?page_id=2074\"><img decoding=\"async\" width=\"224\" height=\"187\" src=\"https:\/\/gpa.uva.es\/files\/2024\/01\/image001.png\" alt=\"\" class=\"wp-image-2368\" style=\"object-fit:cover;width:150px;height:150px\" \/><\/a><\/figure>\n<\/div>\n\n\n<div style=\"height:20px\" aria-hidden=\"true\" class=\"wp-block-spacer\"><\/div>\n\n\n\n<h5 class=\"wp-block-heading has-text-align-center\">Biometr\u00eda ac\u00fastica<\/h5>\n<\/div>\n\n\n\n<div class=\"wp-block-column is-layout-flow wp-block-column-is-layout-flow\"><div class=\"wp-block-image is-style-rounded\">\n<figure class=\"aligncenter size-full is-resized\"><a href=\"https:\/\/gpa.uva.es\/?page_id=2076\"><img decoding=\"async\" width=\"487\" height=\"487\" src=\"https:\/\/gpa.uva.es\/files\/2023\/12\/image-4-edited.png\" alt=\"\" class=\"wp-image-1303\" style=\"object-fit:cover;width:150px;height:150px\" srcset=\"https:\/\/gpa.uva.es\/files\/2023\/12\/image-4-edited.png 487w, https:\/\/gpa.uva.es\/files\/2023\/12\/image-4-edited-300x300.png 300w, https:\/\/gpa.uva.es\/files\/2023\/12\/image-4-edited-150x150.png 150w, https:\/\/gpa.uva.es\/files\/2023\/12\/image-4-edited-250x250.png 250w\" sizes=\"(max-width: 487px) 100vw, 487px\" \/><\/a><\/figure>\n<\/div>\n\n\n<div style=\"height:20px\" aria-hidden=\"true\" class=\"wp-block-spacer\"><\/div>\n\n\n\n<h5 class=\"wp-block-heading has-text-align-center\">Sistemas ac\u00fasticos de vigilancia<\/h5>\n<\/div>\n<\/div>\n\n\n\n<div style=\"height:20px\" aria-hidden=\"true\" class=\"wp-block-spacer\"><\/div>\n\n\n\n<div class=\"wp-block-columns is-layout-flex wp-container-core-columns-is-layout-9d6595d7 wp-block-columns-is-layout-flex\">\n<div class=\"wp-block-column is-layout-flow wp-block-column-is-layout-flow\"><div class=\"wp-block-image is-style-rounded\">\n<figure class=\"aligncenter size-full is-resized\"><a href=\"https:\/\/gpa.uva.es\/?page_id=2078\"><img loading=\"lazy\" decoding=\"async\" width=\"1536\" height=\"1536\" src=\"https:\/\/gpa.uva.es\/files\/2024\/01\/WhatsApp-Image-2022-04-01-at-15.00.472-edited.jpeg\" alt=\"\" class=\"wp-image-2418\" style=\"object-fit:cover;width:150px;height:150px\" srcset=\"https:\/\/gpa.uva.es\/files\/2024\/01\/WhatsApp-Image-2022-04-01-at-15.00.472-edited.jpeg 1536w, https:\/\/gpa.uva.es\/files\/2024\/01\/WhatsApp-Image-2022-04-01-at-15.00.472-edited-300x300.jpeg 300w, https:\/\/gpa.uva.es\/files\/2024\/01\/WhatsApp-Image-2022-04-01-at-15.00.472-edited-1024x1024.jpeg 1024w, https:\/\/gpa.uva.es\/files\/2024\/01\/WhatsApp-Image-2022-04-01-at-15.00.472-edited-150x150.jpeg 150w, https:\/\/gpa.uva.es\/files\/2024\/01\/WhatsApp-Image-2022-04-01-at-15.00.472-edited-768x768.jpeg 768w\" sizes=\"(max-width: 1536px) 100vw, 1536px\" \/><\/a><\/figure>\n<\/div>\n\n\n<div style=\"height:20px\" aria-hidden=\"true\" class=\"wp-block-spacer\"><\/div>\n\n\n\n<h5 class=\"wp-block-heading has-text-align-center\">Detecci\u00f3n de peatones<\/h5>\n<\/div>\n\n\n\n<div class=\"wp-block-column is-layout-flow wp-block-column-is-layout-flow\"><div class=\"wp-block-image is-style-rounded\">\n<figure class=\"aligncenter size-full is-resized\"><a href=\"https:\/\/gpa.uva.es\/?page_id=2080\"><img loading=\"lazy\" decoding=\"async\" width=\"307\" height=\"307\" src=\"https:\/\/gpa.uva.es\/files\/2024\/01\/img5-edited-1.jpg\" alt=\"\" class=\"wp-image-2408\" style=\"object-fit:cover;width:150px;height:150px\" srcset=\"https:\/\/gpa.uva.es\/files\/2024\/01\/img5-edited-1.jpg 307w, https:\/\/gpa.uva.es\/files\/2024\/01\/img5-edited-1-300x300.jpg 300w, https:\/\/gpa.uva.es\/files\/2024\/01\/img5-edited-1-150x150.jpg 150w\" sizes=\"(max-width: 307px) 100vw, 307px\" \/><\/a><\/figure>\n<\/div>\n\n\n<div style=\"height:20px\" aria-hidden=\"true\" class=\"wp-block-spacer\"><\/div>\n\n\n\n<h5 class=\"wp-block-heading has-text-align-center\">Mantenimiento preventivo<\/h5>\n<\/div>\n\n\n\n<div class=\"wp-block-column is-layout-flow wp-block-column-is-layout-flow\"><div class=\"wp-block-image is-style-rounded\">\n<figure class=\"aligncenter size-full is-resized\"><a href=\"https:\/\/gpa.uva.es\/?page_id=2082\"><img loading=\"lazy\" decoding=\"async\" width=\"2348\" height=\"2348\" src=\"https:\/\/gpa.uva.es\/files\/2024\/01\/sensors-21-06637-g009-edited.jpg\" alt=\"\" class=\"wp-image-2411\" style=\"object-fit:cover;width:150px;height:150px\" srcset=\"https:\/\/gpa.uva.es\/files\/2024\/01\/sensors-21-06637-g009-edited.jpg 2348w, https:\/\/gpa.uva.es\/files\/2024\/01\/sensors-21-06637-g009-edited-300x300.jpg 300w, https:\/\/gpa.uva.es\/files\/2024\/01\/sensors-21-06637-g009-edited-1024x1024.jpg 1024w, https:\/\/gpa.uva.es\/files\/2024\/01\/sensors-21-06637-g009-edited-150x150.jpg 150w, https:\/\/gpa.uva.es\/files\/2024\/01\/sensors-21-06637-g009-edited-768x768.jpg 768w, https:\/\/gpa.uva.es\/files\/2024\/01\/sensors-21-06637-g009-edited-1536x1536.jpg 1536w, https:\/\/gpa.uva.es\/files\/2024\/01\/sensors-21-06637-g009-edited-2048x2048.jpg 2048w\" sizes=\"(max-width: 2348px) 100vw, 2348px\" \/><\/a><\/figure>\n<\/div>\n\n\n<div style=\"height:20px\" aria-hidden=\"true\" class=\"wp-block-spacer\"><\/div>\n\n\n\n<h5 class=\"wp-block-heading has-text-align-center\">Dise\u00f1o de sistemas para an\u00e1lisis de vibraciones<\/h5>\n<\/div>\n<\/div>\n\n\n\n<div style=\"height:20px\" aria-hidden=\"true\" class=\"wp-block-spacer\"><\/div>\n\n\n\n<div class=\"wp-block-columns is-layout-flex wp-container-core-columns-is-layout-9d6595d7 wp-block-columns-is-layout-flex\">\n<div class=\"wp-block-column is-layout-flow wp-block-column-is-layout-flow\"><div class=\"wp-block-image is-style-rounded\">\n<figure class=\"aligncenter size-full is-resized\"><a href=\"https:\/\/gpa.uva.es\/?page_id=2084\"><img loading=\"lazy\" decoding=\"async\" width=\"382\" height=\"505\" src=\"https:\/\/gpa.uva.es\/files\/2024\/01\/1-s2.0-S0003682X23004164-gr8.jpg\" alt=\"\" class=\"wp-image-2366\" style=\"object-fit:cover;width:150px;height:150px\" srcset=\"https:\/\/gpa.uva.es\/files\/2024\/01\/1-s2.0-S0003682X23004164-gr8.jpg 382w, https:\/\/gpa.uva.es\/files\/2024\/01\/1-s2.0-S0003682X23004164-gr8-227x300.jpg 227w\" sizes=\"(max-width: 382px) 100vw, 382px\" \/><\/a><\/figure>\n<\/div>\n\n\n<div style=\"height:20px\" aria-hidden=\"true\" class=\"wp-block-spacer\"><\/div>\n\n\n\n<h5 class=\"wp-block-heading has-text-align-center\">Aplicaci\u00f3n de arrays ac\u00fasticos en la ingenier\u00eda forestal<\/h5>\n<\/div>\n\n\n\n<div class=\"wp-block-column is-layout-flow wp-block-column-is-layout-flow\"><div class=\"wp-block-image is-style-rounded\">\n<figure class=\"aligncenter size-full is-resized\"><a href=\"https:\/\/gpa.uva.es\/?page_id=2086\"><img loading=\"lazy\" decoding=\"async\" width=\"2020\" height=\"1515\" src=\"https:\/\/gpa.uva.es\/files\/2024\/01\/dsd.png\" alt=\"\" class=\"wp-image-2367\" style=\"object-fit:cover;width:150px;height:150px\" srcset=\"https:\/\/gpa.uva.es\/files\/2024\/01\/dsd.png 2020w, https:\/\/gpa.uva.es\/files\/2024\/01\/dsd-300x225.png 300w, https:\/\/gpa.uva.es\/files\/2024\/01\/dsd-1024x768.png 1024w, https:\/\/gpa.uva.es\/files\/2024\/01\/dsd-768x576.png 768w, https:\/\/gpa.uva.es\/files\/2024\/01\/dsd-1536x1152.png 1536w\" sizes=\"(max-width: 2020px) 100vw, 2020px\" \/><\/a><\/figure>\n<\/div>\n\n\n<div style=\"height:20px\" aria-hidden=\"true\" class=\"wp-block-spacer\"><\/div>\n\n\n\n<h5 class=\"wp-block-heading has-text-align-center\">Aislamiento y Ruido<\/h5>\n<\/div>\n\n\n\n<div class=\"wp-block-column is-layout-flow wp-block-column-is-layout-flow\"><div class=\"wp-block-image is-style-rounded\">\n<figure class=\"aligncenter size-full is-resized\"><a href=\"https:\/\/gpa.uva.es\/?page_id=2088\"><img loading=\"lazy\" decoding=\"async\" width=\"662\" height=\"319\" src=\"https:\/\/gpa.uva.es\/files\/2024\/01\/img190.jpg\" alt=\"\" class=\"wp-image-2680\" style=\"object-fit:cover;width:150px;height:150px\" srcset=\"https:\/\/gpa.uva.es\/files\/2024\/01\/img190.jpg 662w, https:\/\/gpa.uva.es\/files\/2024\/01\/img190-300x145.jpg 300w\" sizes=\"(max-width: 662px) 100vw, 662px\" \/><\/a><\/figure>\n<\/div>\n\n\n<div style=\"height:20px\" aria-hidden=\"true\" class=\"wp-block-spacer\"><\/div>\n\n\n\n<h5 class=\"wp-block-heading has-text-align-center\">Miscel\u00e1nea<\/h5>\n<\/div>\n<\/div>","protected":false},"excerpt":{"rendered":"<p>L\u00edneas de investigaci\u00f3n Dise\u00f1o de arrays inteligentes MEMS Biometr\u00eda ac\u00fastica Sistemas ac\u00fasticos de vigilancia Detecci\u00f3n de peatones Mantenimiento preventivo Dise\u00f1o de sistemas para an\u00e1lisis de vibraciones Aplicaci\u00f3n de arrays ac\u00fasticos en la ingenier\u00eda forestal Aislamiento y Ruido Miscel\u00e1nea<\/p>\n","protected":false},"author":724,"featured_media":0,"parent":52,"menu_order":2,"comment_status":"closed","ping_status":"closed","template":"","meta":{"_uag_custom_page_level_css":"","footnotes":""},"class_list":["post-1957","page","type-page","status-publish","hentry","post"],"uagb_featured_image_src":{"full":false,"thumbnail":false,"medium":false,"medium_large":false,"large":false,"1536x1536":false,"2048x2048":false,"post-thumbnail":false,"vantage-thumbnail-no-sidebar":false,"vantage-slide":false,"vantage-carousel":false,"vantage-grid-loop":false},"uagb_author_info":{"display_name":"javierretortillo","author_link":"https:\/\/gpa.uva.es\/?author=724"},"uagb_comment_info":0,"uagb_excerpt":"L\u00edneas de investigaci\u00f3n Dise\u00f1o de arrays inteligentes MEMS Biometr\u00eda ac\u00fastica Sistemas ac\u00fasticos de vigilancia Detecci\u00f3n de peatones Mantenimiento preventivo Dise\u00f1o de sistemas para an\u00e1lisis de vibraciones Aplicaci\u00f3n de arrays ac\u00fasticos en la ingenier\u00eda forestal Aislamiento y Ruido Miscel\u00e1nea","_links":{"self":[{"href":"https:\/\/gpa.uva.es\/index.php?rest_route=\/wp\/v2\/pages\/1957","targetHints":{"allow":["GET"]}}],"collection":[{"href":"https:\/\/gpa.uva.es\/index.php?rest_route=\/wp\/v2\/pages"}],"about":[{"href":"https:\/\/gpa.uva.es\/index.php?rest_route=\/wp\/v2\/types\/page"}],"author":[{"embeddable":true,"href":"https:\/\/gpa.uva.es\/index.php?rest_route=\/wp\/v2\/users\/724"}],"replies":[{"embeddable":true,"href":"https:\/\/gpa.uva.es\/index.php?rest_route=%2Fwp%2Fv2%2Fcomments&post=1957"}],"version-history":[{"count":0,"href":"https:\/\/gpa.uva.es\/index.php?rest_route=\/wp\/v2\/pages\/1957\/revisions"}],"up":[{"embeddable":true,"href":"https:\/\/gpa.uva.es\/index.php?rest_route=\/wp\/v2\/pages\/52"}],"wp:attachment":[{"href":"https:\/\/gpa.uva.es\/index.php?rest_route=%2Fwp%2Fv2%2Fmedia&parent=1957"}],"curies":[{"name":"wp","href":"https:\/\/api.w.org\/{rel}","templated":true}]}}